{"id":236,"date":"2021-08-19T16:52:22","date_gmt":"2021-08-19T16:52:22","guid":{"rendered":"https:\/\/greenzoneazores.com\/?page_id=236"},"modified":"2025-02-14T20:07:19","modified_gmt":"2025-02-14T20:07:19","slug":"passeios","status":"publish","type":"page","link":"https:\/\/greenzoneazores.com\/en\/passeios\/","title":{"rendered":"Tours"},"content":{"rendered":"<h2>Van Tours<\/h2>\n<h2>Ready to go on an adventure?<\/h2>\n<h2>Our Van Tours<\/h2>\n<p class=\" translation-block\">See the <strong>van tours<\/strong> that we have available for you \u2013 from <strong>Lagoa do Fogo<\/strong>, <strong>Furnas<\/strong>, <strong>Sete Cidades<\/strong> until <strong>Nordeste<\/strong>, there are several destinations ready to be discovered by you!<\/p>\n<h2>Half Day Lagoa do Fogo<\/h2>\n<p>This is the ideal tour to relax accompanied by nature. Here you can visit one of the island's dormant volcanoes and the lagoon.<\/p>\n<p>                    <a href=\"https:\/\/greenzoneazores.com\/en\/meio-dia-lagoa-do-fogo\/\" >VIEW TOUR<\/a><\/p>\n<h2>Furnas<\/h2>\n<p>This is a full day tour where one of the obligatory stops is at the tea plantation that blends in with the refreshing landscape.<\/p>\n<p>                    <a href=\"https:\/\/greenzoneazores.com\/en\/furnas-carrinha\/\" >VIEW TOUR<\/a><\/p>\n<h2>Half Day Sete Cidades<\/h2>\n<p>Do you want adventure? Then this is the tour for you! On it you will see unique panoramic views from the top of the mountain.<\/p>\n<p>                    <a href=\"https:\/\/greenzoneazores.com\/en\/meio-dia-sete-cidades-carrinha\/\" >VIEW TOUR<\/a><\/p>\n<h2>Full Day Sete Cidades &amp; Lagoa do Fogo<\/h2>\n<p>This is one of the most popular tours, as you can get to know a large part of the island in one day.<\/p>\n<p>                    <a href=\"https:\/\/greenzoneazores.com\/en\/dia-inteiro-sete-cidades-lagoa-do-fogo-carrinha\/\" >VIEW TOUR<\/a><\/p>\n<h2>Nordeste<\/h2>\n<p>By choosing this tour you will get to know the first area of the island to be formed, the Nordeste, among other sites in the surrounding area located on the east coast.<\/p>\n<p>                    <a href=\"https:\/\/greenzoneazores.com\/en\/nordeste-carrinha\/\" >VIEW TOUR<\/a><\/p>\n<h2>Mosteiros<\/h2>\n<p>Lorem ipsum dolor sit amet, consectetur adipiscing elit, sed do eiusmod tempor incididunt ut labore et dolore.<\/p>\n<p>                    <a href=\"https:\/\/greenzoneazores.com\/en\/passeios-interna\/\" >VIEW TOUR<\/a><\/p>","protected":false},"excerpt":{"rendered":"<p>Passeios de Carrinha Pronto para partir numa aventura? Os nossos Passeios de Carrinha Consulte os passeios de carrinha que temos dispon\u00edveis para si &#8211; desde a Lagoa do Fogo, Furnas, Sete Cidades at\u00e9 ao Nordeste, existem diversos destinos prontos para serem descobertos por si! Meio Dia Lagoa do Fogo Este \u00e9 o passeio ideal para&hellip; <a class=\"more-link\" href=\"https:\/\/greenzoneazores.com\/en\/passeios\/\">Continue reading <span class=\"screen-reader-text\">Tours<\/span><\/a><\/p>","protected":false},"author":1,"featured_media":0,"parent":0,"menu_order":0,"comment_status":"closed","ping_status":"closed","template":"elementor_header_footer","meta":{"footnotes":""},"yoast_head":"<!-- This site is optimized with the Yoast SEO plugin v21.4 - https:\/\/yoast.com\/wordpress\/plugins\/seo\/ -->\n<title>Passeios - Greenzone Azores<\/title>\n<meta name=\"robots\" content=\"index, follow, max-snippet:-1, max-image-preview:large, max-video-preview:-1\" \/>\n<link rel=\"canonical\" href=\"https:\/\/greenzoneazores.com\/en\/passeios\/\" \/>\n<meta property=\"og:locale\" content=\"en_US\" \/>\n<meta property=\"og:type\" content=\"article\" \/>\n<meta property=\"og:title\" content=\"Passeios - Greenzone Azores\" \/>\n<meta property=\"og:description\" content=\"Passeios de Carrinha Pronto para partir numa aventura? Os nossos Passeios de Carrinha Consulte os passeios de carrinha que temos dispon\u00edveis para si &#8211; desde a Lagoa do Fogo, Furnas, Sete Cidades at\u00e9 ao Nordeste, existem diversos destinos prontos para serem descobertos por si! Meio Dia Lagoa do Fogo Este \u00e9 o passeio ideal para&hellip; Continue reading Passeios\" \/>\n<meta property=\"og:url\" content=\"https:\/\/greenzoneazores.com\/en\/passeios\/\" \/>\n<meta property=\"og:site_name\" content=\"Greenzone Azores\" \/>\n<meta property=\"article:publisher\" content=\"https:\/\/www.facebook.com\/GreenZoneAzoresTours\/?ref=page_internal\" \/>\n<meta property=\"article:modified_time\" content=\"2025-02-14T20:07:19+00:00\" \/>\n<meta name=\"twitter:card\" content=\"summary_large_image\" \/>\n<meta name=\"twitter:label1\" content=\"Est. reading time\" \/>\n\t<meta name=\"twitter:data1\" content=\"2 minutes\" \/>\n<script type=\"application\/ld+json\" class=\"yoast-schema-graph\">{\"@context\":\"https:\/\/schema.org\",\"@graph\":[{\"@type\":\"WebPage\",\"@id\":\"https:\/\/greenzoneazores.com\/passeios\/\",\"url\":\"https:\/\/greenzoneazores.com\/passeios\/\",\"name\":\"Passeios - Greenzone Azores\",\"isPartOf\":{\"@id\":\"https:\/\/greenzoneazores.com\/#website\"},\"datePublished\":\"2021-08-19T16:52:22+00:00\",\"dateModified\":\"2025-02-14T20:07:19+00:00\",\"breadcrumb\":{\"@id\":\"https:\/\/greenzoneazores.com\/passeios\/#breadcrumb\"},\"inLanguage\":\"en-US\",\"potentialAction\":[{\"@type\":\"ReadAction\",\"target\":[\"https:\/\/greenzoneazores.com\/passeios\/\"]}]},{\"@type\":\"BreadcrumbList\",\"@id\":\"https:\/\/greenzoneazores.com\/passeios\/#breadcrumb\",\"itemListElement\":[{\"@type\":\"ListItem\",\"position\":1,\"name\":\"In\u00edcio\",\"item\":\"https:\/\/greenzoneazores.com\/\"},{\"@type\":\"ListItem\",\"position\":2,\"name\":\"Passeios\"}]},{\"@type\":\"WebSite\",\"@id\":\"https:\/\/greenzoneazores.com\/#website\",\"url\":\"https:\/\/greenzoneazores.com\/\",\"name\":\"Greenzone Azores\",\"description\":\"Greenzone Azores\",\"publisher\":{\"@id\":\"https:\/\/greenzoneazores.com\/#organization\"},\"potentialAction\":[{\"@type\":\"SearchAction\",\"target\":{\"@type\":\"EntryPoint\",\"urlTemplate\":\"https:\/\/greenzoneazores.com\/?s={search_term_string}\"},\"query-input\":\"required name=search_term_string\"}],\"inLanguage\":\"en-US\"},{\"@type\":\"Organization\",\"@id\":\"https:\/\/greenzoneazores.com\/#organization\",\"name\":\"Greenzone Azores\",\"url\":\"https:\/\/greenzoneazores.com\/\",\"logo\":{\"@type\":\"ImageObject\",\"inLanguage\":\"en-US\",\"@id\":\"https:\/\/greenzoneazores.com\/#\/schema\/logo\/image\/\",\"url\":\"https:\/\/greenzoneazores.com\/wp-content\/uploads\/2021\/08\/thumbnail_logo-sem-fundo.png\",\"contentUrl\":\"https:\/\/greenzoneazores.com\/wp-content\/uploads\/2021\/08\/thumbnail_logo-sem-fundo.png\",\"width\":264,\"height\":264,\"caption\":\"Greenzone Azores\"},\"image\":{\"@id\":\"https:\/\/greenzoneazores.com\/#\/schema\/logo\/image\/\"},\"sameAs\":[\"https:\/\/www.facebook.com\/GreenZoneAzoresTours\/?ref=page_internal\",\"https:\/\/www.instagram.com\/greenzoneazores\/\",\"https:\/\/www.tripadvisor.com.br\/Attraction_Review-g189135-d1449376-Reviews-Greenzone_Azores_Tours-Ponta_Delgada_Sao_Miguel_Azores.html\"]}]}<\/script>\n<!-- \/ Yoast SEO plugin. -->","yoast_head_json":{"title":"Passeios - Greenzone Azores","robots":{"index":"index","follow":"follow","max-snippet":"max-snippet:-1","max-image-preview":"max-image-preview:large","max-video-preview":"max-video-preview:-1"},"canonical":"https:\/\/greenzoneazores.com\/en\/passeios\/","og_locale":"en_US","og_type":"article","og_title":"Passeios - Greenzone Azores","og_description":"Passeios de Carrinha Pronto para partir numa aventura? Os nossos Passeios de Carrinha Consulte os passeios de carrinha que temos dispon\u00edveis para si &#8211; desde a Lagoa do Fogo, Furnas, Sete Cidades at\u00e9 ao Nordeste, existem diversos destinos prontos para serem descobertos por si! Meio Dia Lagoa do Fogo Este \u00e9 o passeio ideal para&hellip; Continue reading Passeios","og_url":"https:\/\/greenzoneazores.com\/en\/passeios\/","og_site_name":"Greenzone Azores","article_publisher":"https:\/\/www.facebook.com\/GreenZoneAzoresTours\/?ref=page_internal","article_modified_time":"2025-02-14T20:07:19+00:00","twitter_card":"summary_large_image","twitter_misc":{"Est. reading time":"2 minutes"},"schema":{"@context":"https:\/\/schema.org","@graph":[{"@type":"WebPage","@id":"https:\/\/greenzoneazores.com\/passeios\/","url":"https:\/\/greenzoneazores.com\/passeios\/","name":"Passeios - Greenzone Azores","isPartOf":{"@id":"https:\/\/greenzoneazores.com\/#website"},"datePublished":"2021-08-19T16:52:22+00:00","dateModified":"2025-02-14T20:07:19+00:00","breadcrumb":{"@id":"https:\/\/greenzoneazores.com\/passeios\/#breadcrumb"},"inLanguage":"en-US","potentialAction":[{"@type":"ReadAction","target":["https:\/\/greenzoneazores.com\/passeios\/"]}]},{"@type":"BreadcrumbList","@id":"https:\/\/greenzoneazores.com\/passeios\/#breadcrumb","itemListElement":[{"@type":"ListItem","position":1,"name":"In\u00edcio","item":"https:\/\/greenzoneazores.com\/"},{"@type":"ListItem","position":2,"name":"Passeios"}]},{"@type":"WebSite","@id":"https:\/\/greenzoneazores.com\/#website","url":"https:\/\/greenzoneazores.com\/","name":"Greenzone Azores","description":"Greenzone Azores","publisher":{"@id":"https:\/\/greenzoneazores.com\/#organization"},"potentialAction":[{"@type":"SearchAction","target":{"@type":"EntryPoint","urlTemplate":"https:\/\/greenzoneazores.com\/?s={search_term_string}"},"query-input":"required name=search_term_string"}],"inLanguage":"en-US"},{"@type":"Organization","@id":"https:\/\/greenzoneazores.com\/#organization","name":"Greenzone Azores","url":"https:\/\/greenzoneazores.com\/","logo":{"@type":"ImageObject","inLanguage":"en-US","@id":"https:\/\/greenzoneazores.com\/#\/schema\/logo\/image\/","url":"https:\/\/greenzoneazores.com\/wp-content\/uploads\/2021\/08\/thumbnail_logo-sem-fundo.png","contentUrl":"https:\/\/greenzoneazores.com\/wp-content\/uploads\/2021\/08\/thumbnail_logo-sem-fundo.png","width":264,"height":264,"caption":"Greenzone Azores"},"image":{"@id":"https:\/\/greenzoneazores.com\/#\/schema\/logo\/image\/"},"sameAs":["https:\/\/www.facebook.com\/GreenZoneAzoresTours\/?ref=page_internal","https:\/\/www.instagram.com\/greenzoneazores\/","https:\/\/www.tripadvisor.com.br\/Attraction_Review-g189135-d1449376-Reviews-Greenzone_Azores_Tours-Ponta_Delgada_Sao_Miguel_Azores.html"]}]}},"_links":{"self":[{"href":"https:\/\/greenzoneazores.com\/en\/wp-json\/wp\/v2\/pages\/236"}],"collection":[{"href":"https:\/\/greenzoneazores.com\/en\/wp-json\/wp\/v2\/pages"}],"about":[{"href":"https:\/\/greenzoneazores.com\/en\/wp-json\/wp\/v2\/types\/page"}],"author":[{"embeddable":true,"href":"https:\/\/greenzoneazores.com\/en\/wp-json\/wp\/v2\/users\/1"}],"replies":[{"embeddable":true,"href":"https:\/\/greenzoneazores.com\/en\/wp-json\/wp\/v2\/comments?post=236"}],"version-history":[{"count":1,"href":"https:\/\/greenzoneazores.com\/en\/wp-json\/wp\/v2\/pages\/236\/revisions"}],"predecessor-version":[{"id":3248,"href":"https:\/\/greenzoneazores.com\/en\/wp-json\/wp\/v2\/pages\/236\/revisions\/3248"}],"wp:attachment":[{"href":"https:\/\/greenzoneazores.com\/en\/wp-json\/wp\/v2\/media?parent=236"}],"curies":[{"name":"wp","href":"https:\/\/api.w.org\/{rel}","templated":true}]}}