{"id":2463,"date":"2023-10-26T17:40:44","date_gmt":"2023-10-26T17:40:44","guid":{"rendered":"https:\/\/greenzoneazores.com\/?page_id=2463"},"modified":"2023-10-30T14:33:25","modified_gmt":"2023-10-30T14:33:25","slug":"observacao-de-cetaceos","status":"publish","type":"page","link":"https:\/\/greenzoneazores.com\/en\/observacao-de-cetaceos\/","title":{"rendered":"Whale &amp; Dolphin Watching"},"content":{"rendered":"<div data-elementor-type=\"wp-page\" data-elementor-id=\"2463\" class=\"elementor elementor-2463\" data-elementor-settings=\"[]\">\n\t\t\t\t\t\t\t<div class=\"elementor-section-wrap\">\n\t\t\t\t\t\t\t<section class=\"elementor-section elementor-top-section elementor-element elementor-element-69efde81 elementor-section-full_width elementor-section-height-default elementor-section-height-default\" data-id=\"69efde81\" data-element_type=\"section\">\n\t\t\t\t\t\t<div class=\"elementor-container elementor-column-gap-no\">\n\t\t\t\t\t<div class=\"elementor-column elementor-col-100 elementor-top-column elementor-element elementor-element-85faa6e\" data-id=\"85faa6e\" data-element_type=\"column\">\n\t\t\t<div class=\"elementor-widget-wrap\">\n\t\t\t\t\t\t\t\t\t<\/div>\n\t\t<\/div>\n\t\t\t\t\t\t\t<\/div>\n\t\t<\/section>\n\t\t\t\t<section class=\"elementor-section elementor-top-section elementor-element elementor-element-e2b13cc elementor-section-boxed elementor-section-height-default elementor-section-height-default\" data-id=\"e2b13cc\" data-element_type=\"section\" data-settings=\"{&quot;background_background&quot;:&quot;classic&quot;}\">\n\t\t\t\t\t\t\t<div class=\"elementor-background-overlay\"><\/div>\n\t\t\t\t\t\t\t<div class=\"elementor-container elementor-column-gap-no\">\n\t\t\t\t\t<div class=\"elementor-column elementor-col-100 elementor-top-column elementor-element elementor-element-72b8db2\" data-id=\"72b8db2\" data-element_type=\"column\">\n\t\t\t<div class=\"elementor-widget-wrap elementor-element-populated\">\n\t\t\t\t\t\t\t\t<div class=\"elementor-element elementor-element-282f077 elementor-widget elementor-widget-heading\" data-id=\"282f077\" data-element_type=\"widget\" data-widget_type=\"heading.default\">\n\t\t\t\t<div class=\"elementor-widget-container\">\n\t\t\t<h2 class=\"elementor-heading-title elementor-size-default\">Whale &amp; Dolphin Watching<\/h2>\t\t<\/div>\n\t\t\t\t<\/div>\n\t\t\t\t\t<\/div>\n\t\t<\/div>\n\t\t\t\t\t\t\t<\/div>\n\t\t<\/section>\n\t\t\t\t<section class=\"elementor-section elementor-top-section elementor-element elementor-element-cc61ec2 elementor-section-boxed elementor-section-height-default elementor-section-height-default\" data-id=\"cc61ec2\" data-element_type=\"section\">\n\t\t\t\t\t\t<div class=\"elementor-container elementor-column-gap-default\">\n\t\t\t\t\t<div class=\"elementor-column elementor-col-100 elementor-top-column elementor-element elementor-element-ac62283\" data-id=\"ac62283\" data-element_type=\"column\">\n\t\t\t<div class=\"elementor-widget-wrap elementor-element-populated\">\n\t\t\t\t\t\t\t\t<div class=\"elementor-element elementor-element-31f1b71 elementor-widget elementor-widget-spacer\" data-id=\"31f1b71\" data-element_type=\"widget\" data-widget_type=\"spacer.default\">\n\t\t\t\t<div class=\"elementor-widget-container\">\n\t\t\t\t\t<div class=\"elementor-spacer\">\n\t\t\t<div class=\"elementor-spacer-inner\"><\/div>\n\t\t<\/div>\n\t\t\t\t<\/div>\n\t\t\t\t<\/div>\n\t\t\t\t<div class=\"elementor-element elementor-element-c7c09c9 elementor-widget elementor-widget-heading\" data-id=\"c7c09c9\" data-element_type=\"widget\" data-widget_type=\"heading.default\">\n\t\t\t\t<div class=\"elementor-widget-container\">\n\t\t\t<h2 class=\"elementor-heading-title elementor-size-default\">Ready to go on an adventure?<\/h2>\t\t<\/div>\n\t\t\t\t<\/div>\n\t\t\t\t<div class=\"elementor-element elementor-element-5c883bb elementor-widget elementor-widget-heading\" data-id=\"5c883bb\" data-element_type=\"widget\" data-widget_type=\"heading.default\">\n\t\t\t\t<div class=\"elementor-widget-container\">\n\t\t\t<h2 class=\"elementor-heading-title elementor-size-default\">Our Whale Watching Tours<\/h2>\t\t<\/div>\n\t\t\t\t<\/div>\n\t\t\t\t<div class=\"elementor-element elementor-element-2eb1261 elementor-widget elementor-widget-text-editor\" data-id=\"2eb1261\" data-element_type=\"widget\" data-widget_type=\"text-editor.default\">\n\t\t\t\t<div class=\"elementor-widget-container\">\n\t\t\t\t\t\t\t<p>Embark on this adventure, accompanied by a <strong>specialized team<\/strong>. Ideal for sea lovers!<\/p>\t\t\t\t\t\t<\/div>\n\t\t\t\t<\/div>\n\t\t\t\t\t<\/div>\n\t\t<\/div>\n\t\t\t\t\t\t\t<\/div>\n\t\t<\/section>\n\t\t\t\t<section class=\"elementor-section elementor-top-section elementor-element elementor-element-94feace elementor-section-boxed elementor-section-height-default elementor-section-height-default\" data-id=\"94feace\" data-element_type=\"section\">\n\t\t\t\t\t\t<div class=\"elementor-container elementor-column-gap-no\">\n\t\t\t\t\t<div class=\"elementor-column elementor-col-100 elementor-top-column elementor-element elementor-element-ba000c8\" data-id=\"ba000c8\" data-element_type=\"column\">\n\t\t\t<div class=\"elementor-widget-wrap elementor-element-populated\">\n\t\t\t\t\t\t\t\t<section class=\"elementor-section elementor-inner-section elementor-element elementor-element-161b5a5 elementor-section-boxed elementor-section-height-default elementor-section-height-default\" data-id=\"161b5a5\" data-element_type=\"section\">\n\t\t\t\t\t\t<div class=\"elementor-container elementor-column-gap-no\">\n\t\t\t\t\t<div class=\"elementor-column elementor-col-33 elementor-inner-column elementor-element elementor-element-7b9fbba\" data-id=\"7b9fbba\" data-element_type=\"column\" data-settings=\"{&quot;background_background&quot;:&quot;classic&quot;}\">\n\t\t\t<div class=\"elementor-widget-wrap elementor-element-populated\">\n\t\t\t\t\t\t\t\t<div class=\"elementor-element elementor-element-d0fda57 jkit-equal-height-disable elementor-widget elementor-widget-jkit_icon_box\" data-id=\"d0fda57\" data-element_type=\"widget\" data-widget_type=\"jkit_icon_box.default\">\n\t\t\t\t<div class=\"elementor-widget-container\">\n\t\t\t<div  class=\"jeg-elementor-kit jkit-icon-box icon-position- elementor-animation- jeg_module___69eb8d5b75a6d\" ><div class=\"jkit-icon-box-wrapper hover-from-left\"><div class=\"icon-box icon-box-body\">\n                <h2 class=\"title\">Whale Watching<\/h2><p class=\"icon-box-description\">The Azores are currently one of the largest whale sanctuaries in the world. Between resident and migratory species, more than 20 types can be seen.<\/p><div class=\"icon-box-button\">\n                <div class=\"btn-wrapper icon-position-after\">\n                    <a href=\"https:\/\/greenzoneazores.com\/en\/whale-watching\/\"  class=\"icon-box-link\"  >VIEW TOUR<i aria-hidden=\"true\" class=\"jki jki-right-arrow-12\"><\/i><\/a>\n                <\/div>\n            <\/div>\n            <\/div>\n            \n            <\/div><\/div>\t\t<\/div>\n\t\t\t\t<\/div>\n\t\t\t\t\t<\/div>\n\t\t<\/div>\n\t\t\t\t<div class=\"elementor-column elementor-col-33 elementor-inner-column elementor-element elementor-element-5ae74de elementor-hidden-desktop elementor-hidden-tablet elementor-hidden-mobile\" data-id=\"5ae74de\" data-element_type=\"column\" data-settings=\"{&quot;background_background&quot;:&quot;classic&quot;}\">\n\t\t\t<div class=\"elementor-widget-wrap elementor-element-populated\">\n\t\t\t\t\t\t\t\t<div class=\"elementor-element elementor-element-a1ce905 jkit-equal-height-disable elementor-widget elementor-widget-jkit_icon_box\" data-id=\"a1ce905\" data-element_type=\"widget\" data-widget_type=\"jkit_icon_box.default\">\n\t\t\t\t<div class=\"elementor-widget-container\">\n\t\t\t<div  class=\"jeg-elementor-kit jkit-icon-box icon-position- elementor-animation- jeg_module__1_69eb8d5b76304\" ><div class=\"jkit-icon-box-wrapper hover-from-left\"><div class=\"icon-box icon-box-body\">\n                <h2 class=\"title\">Furnas<\/h2><p class=\"icon-box-description\">This is a full day tour where one of the obligatory stops is at the tea plantation that blends in with the refreshing landscape.<\/p><div class=\"icon-box-button\">\n                <div class=\"btn-wrapper icon-position-after\">\n                    <a href=\"https:\/\/greenzoneazores.com\/en\/passeios-interna\/\"  class=\"icon-box-link\"  >VIEW TOUR<i aria-hidden=\"true\" class=\"jki jki-right-arrow-12\"><\/i><\/a>\n                <\/div>\n            <\/div>\n            <\/div>\n            \n            <\/div><\/div>\t\t<\/div>\n\t\t\t\t<\/div>\n\t\t\t\t\t<\/div>\n\t\t<\/div>\n\t\t\t\t<div class=\"elementor-column elementor-col-33 elementor-inner-column elementor-element elementor-element-4c52cb6 elementor-hidden-desktop elementor-hidden-tablet elementor-hidden-mobile\" data-id=\"4c52cb6\" data-element_type=\"column\" data-settings=\"{&quot;background_background&quot;:&quot;classic&quot;}\">\n\t\t\t<div class=\"elementor-widget-wrap elementor-element-populated\">\n\t\t\t\t\t\t\t\t<div class=\"elementor-element elementor-element-7b64db2 jkit-equal-height-disable elementor-widget elementor-widget-jkit_icon_box\" data-id=\"7b64db2\" data-element_type=\"widget\" data-widget_type=\"jkit_icon_box.default\">\n\t\t\t\t<div class=\"elementor-widget-container\">\n\t\t\t<div  class=\"jeg-elementor-kit jkit-icon-box icon-position- elementor-animation- jeg_module__2_69eb8d5b76aff\" ><div class=\"jkit-icon-box-wrapper hover-from-left\"><div class=\"icon-box icon-box-body\">\n                <h2 class=\"title\">Half Day Sete Cidades<\/h2><p class=\"icon-box-description\">Do you want adventure? Then this is the tour for you! On it you will see unique panoramic views from the top of the mountain.<\/p><div class=\"icon-box-button\">\n                <div class=\"btn-wrapper icon-position-after\">\n                    <a href=\"https:\/\/greenzoneazores.com\/en\/passeios-interna\/\"  class=\"icon-box-link\"  >VIEW TOUR<i aria-hidden=\"true\" class=\"jki jki-right-arrow-12\"><\/i><\/a>\n                <\/div>\n            <\/div>\n            <\/div>\n            \n            <\/div><\/div>\t\t<\/div>\n\t\t\t\t<\/div>\n\t\t\t\t\t<\/div>\n\t\t<\/div>\n\t\t\t\t\t\t\t<\/div>\n\t\t<\/section>\n\t\t\t\t\t<\/div>\n\t\t<\/div>\n\t\t\t\t\t\t\t<\/div>\n\t\t<\/section>\n\t\t\t\t\t\t<\/div>\n\t\t\t\t\t<\/div>","protected":false},"excerpt":{"rendered":"<p>Observa\u00e7\u00e3o de Cet\u00e1ceos Pronto para partir numa aventura? Os nossos Passeios de Observa\u00e7\u00e3o de Cet\u00e1ceos Embarque nesta aventura, acompanhado por uma equipa especializada. Ideal para os amantes do mar! Whale Watching Os A\u00e7ores s\u00e3o actualmente um dos maiores santu\u00e1rios de baleias do mundo. Entre esp\u00e9cies residentes e migrat\u00f3rias, avistam-se mais de 20 tipos. VER TOUR&hellip; <a class=\"more-link\" href=\"https:\/\/greenzoneazores.com\/en\/observacao-de-cetaceos\/\">Continue reading <span class=\"screen-reader-text\">Whale &amp; Dolphin Watching<\/span><\/a><\/p>","protected":false},"author":1,"featured_media":0,"parent":0,"menu_order":0,"comment_status":"closed","ping_status":"closed","template":"elementor_header_footer","meta":{"footnotes":""},"yoast_head":"<!-- This site is optimized with the Yoast SEO plugin v21.4 - https:\/\/yoast.com\/wordpress\/plugins\/seo\/ -->\n<title>Observa\u00e7\u00e3o de Cet\u00e1ceos nos A\u00e7ores - Greenzone Azores<\/title>\n<meta name=\"description\" content=\"Desejoso por ver esp\u00e9cies marinhas ao vivo? A observa\u00e7\u00e3o de cet\u00e1ceos nos A\u00e7ores com a Greenzone Azores ser\u00e1 a experi\u00eancia ideal para si!\" \/>\n<meta name=\"robots\" content=\"index, follow, max-snippet:-1, max-image-preview:large, max-video-preview:-1\" \/>\n<link rel=\"canonical\" href=\"https:\/\/greenzoneazores.com\/en\/observacao-de-cetaceos\/\" \/>\n<meta property=\"og:locale\" content=\"en_US\" \/>\n<meta property=\"og:type\" content=\"article\" \/>\n<meta property=\"og:title\" content=\"Observa\u00e7\u00e3o de Cet\u00e1ceos nos A\u00e7ores - Greenzone Azores\" \/>\n<meta property=\"og:description\" content=\"Desejoso por ver esp\u00e9cies marinhas ao vivo? A observa\u00e7\u00e3o de cet\u00e1ceos nos A\u00e7ores com a Greenzone Azores ser\u00e1 a experi\u00eancia ideal para si!\" \/>\n<meta property=\"og:url\" content=\"https:\/\/greenzoneazores.com\/en\/observacao-de-cetaceos\/\" \/>\n<meta property=\"og:site_name\" content=\"Greenzone Azores\" \/>\n<meta property=\"article:publisher\" content=\"https:\/\/www.facebook.com\/GreenZoneAzoresTours\/?ref=page_internal\" \/>\n<meta property=\"article:modified_time\" content=\"2023-10-30T14:33:25+00:00\" \/>\n<meta name=\"twitter:card\" content=\"summary_large_image\" \/>\n<meta name=\"twitter:label1\" content=\"Est. reading time\" \/>\n\t<meta name=\"twitter:data1\" content=\"1 minute\" \/>\n<script type=\"application\/ld+json\" class=\"yoast-schema-graph\">{\"@context\":\"https:\/\/schema.org\",\"@graph\":[{\"@type\":\"WebPage\",\"@id\":\"https:\/\/greenzoneazores.com\/en\/observacao-de-cetaceos\/\",\"url\":\"https:\/\/greenzoneazores.com\/en\/observacao-de-cetaceos\/\",\"name\":\"Observa\u00e7\u00e3o de Cet\u00e1ceos nos A\u00e7ores - Greenzone Azores\",\"isPartOf\":{\"@id\":\"https:\/\/greenzoneazores.com\/#website\"},\"datePublished\":\"2023-10-26T17:40:44+00:00\",\"dateModified\":\"2023-10-30T14:33:25+00:00\",\"description\":\"Desejoso por ver esp\u00e9cies marinhas ao vivo? A observa\u00e7\u00e3o de cet\u00e1ceos nos A\u00e7ores com a Greenzone Azores ser\u00e1 a experi\u00eancia ideal para si!\",\"breadcrumb\":{\"@id\":\"https:\/\/greenzoneazores.com\/en\/observacao-de-cetaceos\/#breadcrumb\"},\"inLanguage\":\"en-US\",\"potentialAction\":[{\"@type\":\"ReadAction\",\"target\":[\"https:\/\/greenzoneazores.com\/en\/observacao-de-cetaceos\/\"]}]},{\"@type\":\"BreadcrumbList\",\"@id\":\"https:\/\/greenzoneazores.com\/en\/observacao-de-cetaceos\/#breadcrumb\",\"itemListElement\":[{\"@type\":\"ListItem\",\"position\":1,\"name\":\"In\u00edcio\",\"item\":\"https:\/\/greenzoneazores.com\/\"},{\"@type\":\"ListItem\",\"position\":2,\"name\":\"Observa\u00e7\u00e3o de Cet\u00e1ceos\"}]},{\"@type\":\"WebSite\",\"@id\":\"https:\/\/greenzoneazores.com\/#website\",\"url\":\"https:\/\/greenzoneazores.com\/\",\"name\":\"Greenzone Azores\",\"description\":\"Greenzone Azores\",\"publisher\":{\"@id\":\"https:\/\/greenzoneazores.com\/#organization\"},\"potentialAction\":[{\"@type\":\"SearchAction\",\"target\":{\"@type\":\"EntryPoint\",\"urlTemplate\":\"https:\/\/greenzoneazores.com\/?s={search_term_string}\"},\"query-input\":\"required name=search_term_string\"}],\"inLanguage\":\"en-US\"},{\"@type\":\"Organization\",\"@id\":\"https:\/\/greenzoneazores.com\/#organization\",\"name\":\"Greenzone Azores\",\"url\":\"https:\/\/greenzoneazores.com\/\",\"logo\":{\"@type\":\"ImageObject\",\"inLanguage\":\"en-US\",\"@id\":\"https:\/\/greenzoneazores.com\/#\/schema\/logo\/image\/\",\"url\":\"https:\/\/greenzoneazores.com\/wp-content\/uploads\/2021\/08\/thumbnail_logo-sem-fundo.png\",\"contentUrl\":\"https:\/\/greenzoneazores.com\/wp-content\/uploads\/2021\/08\/thumbnail_logo-sem-fundo.png\",\"width\":264,\"height\":264,\"caption\":\"Greenzone Azores\"},\"image\":{\"@id\":\"https:\/\/greenzoneazores.com\/#\/schema\/logo\/image\/\"},\"sameAs\":[\"https:\/\/www.facebook.com\/GreenZoneAzoresTours\/?ref=page_internal\",\"https:\/\/www.instagram.com\/greenzoneazores\/\",\"https:\/\/www.tripadvisor.com.br\/Attraction_Review-g189135-d1449376-Reviews-Greenzone_Azores_Tours-Ponta_Delgada_Sao_Miguel_Azores.html\"]}]}<\/script>\n<!-- \/ Yoast SEO plugin. -->","yoast_head_json":{"title":"Observa\u00e7\u00e3o de Cet\u00e1ceos nos A\u00e7ores - Greenzone Azores","description":"Desejoso por ver esp\u00e9cies marinhas ao vivo? A observa\u00e7\u00e3o de cet\u00e1ceos nos A\u00e7ores com a Greenzone Azores ser\u00e1 a experi\u00eancia ideal para si!","robots":{"index":"index","follow":"follow","max-snippet":"max-snippet:-1","max-image-preview":"max-image-preview:large","max-video-preview":"max-video-preview:-1"},"canonical":"https:\/\/greenzoneazores.com\/en\/observacao-de-cetaceos\/","og_locale":"en_US","og_type":"article","og_title":"Observa\u00e7\u00e3o de Cet\u00e1ceos nos A\u00e7ores - Greenzone Azores","og_description":"Desejoso por ver esp\u00e9cies marinhas ao vivo? A observa\u00e7\u00e3o de cet\u00e1ceos nos A\u00e7ores com a Greenzone Azores ser\u00e1 a experi\u00eancia ideal para si!","og_url":"https:\/\/greenzoneazores.com\/en\/observacao-de-cetaceos\/","og_site_name":"Greenzone Azores","article_publisher":"https:\/\/www.facebook.com\/GreenZoneAzoresTours\/?ref=page_internal","article_modified_time":"2023-10-30T14:33:25+00:00","twitter_card":"summary_large_image","twitter_misc":{"Est. reading time":"1 minute"},"schema":{"@context":"https:\/\/schema.org","@graph":[{"@type":"WebPage","@id":"https:\/\/greenzoneazores.com\/en\/observacao-de-cetaceos\/","url":"https:\/\/greenzoneazores.com\/en\/observacao-de-cetaceos\/","name":"Observa\u00e7\u00e3o de Cet\u00e1ceos nos A\u00e7ores - Greenzone Azores","isPartOf":{"@id":"https:\/\/greenzoneazores.com\/#website"},"datePublished":"2023-10-26T17:40:44+00:00","dateModified":"2023-10-30T14:33:25+00:00","description":"Desejoso por ver esp\u00e9cies marinhas ao vivo? A observa\u00e7\u00e3o de cet\u00e1ceos nos A\u00e7ores com a Greenzone Azores ser\u00e1 a experi\u00eancia ideal para si!","breadcrumb":{"@id":"https:\/\/greenzoneazores.com\/en\/observacao-de-cetaceos\/#breadcrumb"},"inLanguage":"en-US","potentialAction":[{"@type":"ReadAction","target":["https:\/\/greenzoneazores.com\/en\/observacao-de-cetaceos\/"]}]},{"@type":"BreadcrumbList","@id":"https:\/\/greenzoneazores.com\/en\/observacao-de-cetaceos\/#breadcrumb","itemListElement":[{"@type":"ListItem","position":1,"name":"In\u00edcio","item":"https:\/\/greenzoneazores.com\/"},{"@type":"ListItem","position":2,"name":"Observa\u00e7\u00e3o de Cet\u00e1ceos"}]},{"@type":"WebSite","@id":"https:\/\/greenzoneazores.com\/#website","url":"https:\/\/greenzoneazores.com\/","name":"Greenzone Azores","description":"Greenzone Azores","publisher":{"@id":"https:\/\/greenzoneazores.com\/#organization"},"potentialAction":[{"@type":"SearchAction","target":{"@type":"EntryPoint","urlTemplate":"https:\/\/greenzoneazores.com\/?s={search_term_string}"},"query-input":"required name=search_term_string"}],"inLanguage":"en-US"},{"@type":"Organization","@id":"https:\/\/greenzoneazores.com\/#organization","name":"Greenzone Azores","url":"https:\/\/greenzoneazores.com\/","logo":{"@type":"ImageObject","inLanguage":"en-US","@id":"https:\/\/greenzoneazores.com\/#\/schema\/logo\/image\/","url":"https:\/\/greenzoneazores.com\/wp-content\/uploads\/2021\/08\/thumbnail_logo-sem-fundo.png","contentUrl":"https:\/\/greenzoneazores.com\/wp-content\/uploads\/2021\/08\/thumbnail_logo-sem-fundo.png","width":264,"height":264,"caption":"Greenzone Azores"},"image":{"@id":"https:\/\/greenzoneazores.com\/#\/schema\/logo\/image\/"},"sameAs":["https:\/\/www.facebook.com\/GreenZoneAzoresTours\/?ref=page_internal","https:\/\/www.instagram.com\/greenzoneazores\/","https:\/\/www.tripadvisor.com.br\/Attraction_Review-g189135-d1449376-Reviews-Greenzone_Azores_Tours-Ponta_Delgada_Sao_Miguel_Azores.html"]}]}},"_links":{"self":[{"href":"https:\/\/greenzoneazores.com\/en\/wp-json\/wp\/v2\/pages\/2463"}],"collection":[{"href":"https:\/\/greenzoneazores.com\/en\/wp-json\/wp\/v2\/pages"}],"about":[{"href":"https:\/\/greenzoneazores.com\/en\/wp-json\/wp\/v2\/types\/page"}],"author":[{"embeddable":true,"href":"https:\/\/greenzoneazores.com\/en\/wp-json\/wp\/v2\/users\/1"}],"replies":[{"embeddable":true,"href":"https:\/\/greenzoneazores.com\/en\/wp-json\/wp\/v2\/comments?post=2463"}],"version-history":[{"count":21,"href":"https:\/\/greenzoneazores.com\/en\/wp-json\/wp\/v2\/pages\/2463\/revisions"}],"predecessor-version":[{"id":2821,"href":"https:\/\/greenzoneazores.com\/en\/wp-json\/wp\/v2\/pages\/2463\/revisions\/2821"}],"wp:attachment":[{"href":"https:\/\/greenzoneazores.com\/en\/wp-json\/wp\/v2\/media?parent=2463"}],"curies":[{"name":"wp","href":"https:\/\/api.w.org\/{rel}","templated":true}]}}