{"id":283,"date":"2021-08-23T23:39:34","date_gmt":"2021-08-23T23:39:34","guid":{"rendered":"https:\/\/greenzoneazores.com\/?page_id=283"},"modified":"2024-03-12T12:44:32","modified_gmt":"2024-03-12T12:44:32","slug":"passeios-turisticos-nos-acores","status":"publish","type":"page","link":"https:\/\/greenzoneazores.com\/en\/passeios-turisticos-nos-acores\/","title":{"rendered":"Who we are"},"content":{"rendered":"<div data-elementor-type=\"wp-page\" data-elementor-id=\"283\" class=\"elementor elementor-283\" data-elementor-settings=\"[]\">\n\t\t\t\t\t\t\t<div class=\"elementor-section-wrap\">\n\t\t\t\t\t\t\t<section class=\"elementor-section elementor-top-section elementor-element elementor-element-1014349a elementor-section-full_width elementor-section-height-default elementor-section-height-default\" data-id=\"1014349a\" data-element_type=\"section\">\n\t\t\t\t\t\t<div class=\"elementor-container elementor-column-gap-no\">\n\t\t\t\t\t<div class=\"elementor-column elementor-col-100 elementor-top-column elementor-element elementor-element-5ff3abb7\" data-id=\"5ff3abb7\" data-element_type=\"column\">\n\t\t\t<div class=\"elementor-widget-wrap\">\n\t\t\t\t\t\t\t\t\t<\/div>\n\t\t<\/div>\n\t\t\t\t\t\t\t<\/div>\n\t\t<\/section>\n\t\t\t\t<section class=\"elementor-section elementor-top-section elementor-element elementor-element-4336c9e elementor-section-boxed elementor-section-height-default elementor-section-height-default\" data-id=\"4336c9e\" data-element_type=\"section\" data-settings=\"{&quot;background_background&quot;:&quot;classic&quot;}\">\n\t\t\t\t\t\t\t<div class=\"elementor-background-overlay\"><\/div>\n\t\t\t\t\t\t\t<div class=\"elementor-container elementor-column-gap-no\">\n\t\t\t\t\t<div class=\"elementor-column elementor-col-100 elementor-top-column elementor-element elementor-element-69fd320\" data-id=\"69fd320\" data-element_type=\"column\">\n\t\t\t<div class=\"elementor-widget-wrap elementor-element-populated\">\n\t\t\t\t\t\t\t\t<div class=\"elementor-element elementor-element-018ad65 elementor-widget elementor-widget-heading\" data-id=\"018ad65\" data-element_type=\"widget\" data-widget_type=\"heading.default\">\n\t\t\t\t<div class=\"elementor-widget-container\">\n\t\t\t<h2 class=\"elementor-heading-title elementor-size-default\">Who we are<\/h2>\t\t<\/div>\n\t\t\t\t<\/div>\n\t\t\t\t\t<\/div>\n\t\t<\/div>\n\t\t\t\t\t\t\t<\/div>\n\t\t<\/section>\n\t\t\t\t<section class=\"elementor-section elementor-top-section elementor-element elementor-element-b8439a6 elementor-reverse-tablet elementor-reverse-mobile elementor-section-boxed elementor-section-height-default elementor-section-height-default\" data-id=\"b8439a6\" data-element_type=\"section\" data-settings=\"{&quot;background_background&quot;:&quot;classic&quot;}\">\n\t\t\t\t\t\t\t<div class=\"elementor-background-overlay\"><\/div>\n\t\t\t\t\t\t\t<div class=\"elementor-container elementor-column-gap-no\">\n\t\t\t\t\t<div class=\"elementor-column elementor-col-50 elementor-top-column elementor-element elementor-element-602d1ca\" data-id=\"602d1ca\" data-element_type=\"column\">\n\t\t\t<div class=\"elementor-widget-wrap elementor-element-populated\">\n\t\t\t\t\t\t\t\t<div class=\"elementor-element elementor-element-e825246 elementor-widget elementor-widget-heading\" data-id=\"e825246\" data-element_type=\"widget\" data-widget_type=\"heading.default\">\n\t\t\t\t<div class=\"elementor-widget-container\">\n\t\t\t<h2 class=\"elementor-heading-title elementor-size-default\">About Us<\/h2>\t\t<\/div>\n\t\t\t\t<\/div>\n\t\t\t\t<div class=\"elementor-element elementor-element-bee64a6 elementor-widget elementor-widget-heading\" data-id=\"bee64a6\" data-element_type=\"widget\" data-widget_type=\"heading.default\">\n\t\t\t\t<div class=\"elementor-widget-container\">\n\t\t\t<h2 class=\"elementor-heading-title elementor-size-default\">Greenzone Azores<\/h2>\t\t<\/div>\n\t\t\t\t<\/div>\n\t\t\t\t<div class=\"elementor-element elementor-element-3133e4c elementor-widget elementor-widget-text-editor\" data-id=\"3133e4c\" data-element_type=\"widget\" data-widget_type=\"text-editor.default\">\n\t\t\t\t<div class=\"elementor-widget-container\">\n\t\t\t\t\t\t\t<p><strong><span class=\"hps alt-edited\">Greenzone<\/span><\/strong>\u00a0realizes\u00a0<span class=\"hps\">jeep tours suitable for all types of terrain\u00a0<\/span>na <strong>S\u00e3o Miguel\u00a0<\/strong><span class=\"hps\"><strong>Island<\/strong>.<\/span><\/p><p><span class=\"hps\">We offer\u00a0<\/span><span class=\"hps\">tours<\/span>\u00a0<span class=\"hps\">full day or half-day tours, as well as private tours, group tours and even transfers<\/span>.\u00a0<\/p><p class=\" translation-block\">This will be the best way of <span class=\"hps\">discovering the<\/span> <span class=\"hps\">lush vegetation,<\/span> the <span class=\"hps\">smells<\/span> <span class=\"hps\">sweets<\/span><span class=\"\">, the<\/span> <span class=\"hps\">termal fountains<\/span> <span class=\"hps\">the beautiful<\/span> <span class=\"hps\">hidden secrets<\/span> <span class=\"hps\">of the island. <\/span> <span class=\"hps\">In every corner<\/span> <span class=\"hps\">there's a<\/span> <span class=\"hps\">new experience<\/span> waiting for you! <strong>Don't miss this adventure!<\/strong><\/p>\t\t\t\t\t\t<\/div>\n\t\t\t\t<\/div>\n\t\t\t\t<div class=\"elementor-element elementor-element-7b5113e elementor-invisible elementor-widget elementor-widget-button\" data-id=\"7b5113e\" data-element_type=\"widget\" data-settings=\"{&quot;_animation&quot;:&quot;fadeInLeft&quot;,&quot;_animation_delay&quot;:800}\" data-widget_type=\"button.default\">\n\t\t\t\t<div class=\"elementor-widget-container\">\n\t\t\t\t\t<div class=\"elementor-button-wrapper\">\n\t\t\t<a href=\"\/en\/contacto\/\" class=\"elementor-button-link elementor-button elementor-size-sm\" role=\"button\">\n\t\t\t\t\t\t<span class=\"elementor-button-content-wrapper\">\n\t\t\t\t\t\t<span class=\"elementor-button-text\">Contact Us<\/span>\n\t\t<\/span>\n\t\t\t\t\t<\/a>\n\t\t<\/div>\n\t\t\t\t<\/div>\n\t\t\t\t<\/div>\n\t\t\t\t\t<\/div>\n\t\t<\/div>\n\t\t\t\t<div class=\"elementor-column elementor-col-50 elementor-top-column elementor-element elementor-element-ca78e90\" data-id=\"ca78e90\" data-element_type=\"column\">\n\t\t\t<div class=\"elementor-widget-wrap elementor-element-populated\">\n\t\t\t\t\t\t\t\t<section class=\"elementor-section elementor-inner-section elementor-element elementor-element-3ab6ed1 elementor-section-boxed elementor-section-height-default elementor-section-height-default\" data-id=\"3ab6ed1\" data-element_type=\"section\">\n\t\t\t\t\t\t<div class=\"elementor-container elementor-column-gap-no\">\n\t\t\t\t\t<div class=\"elementor-column elementor-col-50 elementor-inner-column elementor-element elementor-element-e54a4a2\" data-id=\"e54a4a2\" data-element_type=\"column\">\n\t\t\t<div class=\"elementor-widget-wrap elementor-element-populated\">\n\t\t\t\t\t\t\t\t<div class=\"elementor-element elementor-element-e621467 elementor-widget elementor-widget-image\" data-id=\"e621467\" data-element_type=\"widget\" data-widget_type=\"image.default\">\n\t\t\t\t<div class=\"elementor-widget-container\">\n\t\t\t\t\t\t\t\t\t\t\t\t\t\t\t\t<a href=\"https:\/\/greenzoneazores.com\/wp-content\/uploads\/2023\/10\/448-DSC06672-scaled.jpg\" data-elementor-open-lightbox=\"yes\" data-elementor-lightbox-title=\"448-DSC06672\">\n\t\t\t\t\t\t\t<img decoding=\"async\" width=\"2560\" height=\"1710\" src=\"https:\/\/greenzoneazores.com\/wp-content\/uploads\/2023\/10\/448-DSC06672-scaled.jpg\" class=\"elementor-animation-grow attachment-full size-full\" alt=\"\" srcset=\"https:\/\/greenzoneazores.com\/wp-content\/uploads\/2023\/10\/448-DSC06672-scaled.jpg 2560w, https:\/\/greenzoneazores.com\/wp-content\/uploads\/2023\/10\/448-DSC06672-300x200.jpg 300w, https:\/\/greenzoneazores.com\/wp-content\/uploads\/2023\/10\/448-DSC06672-1024x684.jpg 1024w, https:\/\/greenzoneazores.com\/wp-content\/uploads\/2023\/10\/448-DSC06672-768x513.jpg 768w, https:\/\/greenzoneazores.com\/wp-content\/uploads\/2023\/10\/448-DSC06672-1536x1026.jpg 1536w, https:\/\/greenzoneazores.com\/wp-content\/uploads\/2023\/10\/448-DSC06672-2048x1368.jpg 2048w, https:\/\/greenzoneazores.com\/wp-content\/uploads\/2023\/10\/448-DSC06672-18x12.jpg 18w, https:\/\/greenzoneazores.com\/wp-content\/uploads\/2023\/10\/448-DSC06672-1568x1047.jpg 1568w\" sizes=\"(max-width: 2560px) 100vw, 2560px\" style=\"width:100%;height:66.8%;max-width:2560px\" \/>\t\t\t\t\t\t\t\t<\/a>\n\t\t\t\t\t\t\t\t\t\t\t\t\t\t\t<\/div>\n\t\t\t\t<\/div>\n\t\t\t\t<div class=\"elementor-element elementor-element-772228e elementor-widget elementor-widget-image\" data-id=\"772228e\" data-element_type=\"widget\" data-widget_type=\"image.default\">\n\t\t\t\t<div class=\"elementor-widget-container\">\n\t\t\t\t\t\t\t\t\t\t\t\t\t\t\t\t<a href=\"https:\/\/greenzoneazores.com\/wp-content\/uploads\/2023\/10\/481-20220430_160759-scaled.jpg\" data-elementor-open-lightbox=\"yes\" data-elementor-lightbox-title=\"481-20220430_160759\">\n\t\t\t\t\t\t\t<img decoding=\"async\" width=\"2560\" height=\"1441\" src=\"https:\/\/greenzoneazores.com\/wp-content\/uploads\/2023\/10\/481-20220430_160759-scaled.jpg\" class=\"elementor-animation-grow attachment-full size-full\" alt=\"\" srcset=\"https:\/\/greenzoneazores.com\/wp-content\/uploads\/2023\/10\/481-20220430_160759-scaled.jpg 2560w, https:\/\/greenzoneazores.com\/wp-content\/uploads\/2023\/10\/481-20220430_160759-300x169.jpg 300w, https:\/\/greenzoneazores.com\/wp-content\/uploads\/2023\/10\/481-20220430_160759-1024x577.jpg 1024w, https:\/\/greenzoneazores.com\/wp-content\/uploads\/2023\/10\/481-20220430_160759-768x432.jpg 768w, https:\/\/greenzoneazores.com\/wp-content\/uploads\/2023\/10\/481-20220430_160759-1536x865.jpg 1536w, https:\/\/greenzoneazores.com\/wp-content\/uploads\/2023\/10\/481-20220430_160759-2048x1153.jpg 2048w, https:\/\/greenzoneazores.com\/wp-content\/uploads\/2023\/10\/481-20220430_160759-18x10.jpg 18w, https:\/\/greenzoneazores.com\/wp-content\/uploads\/2023\/10\/481-20220430_160759-1568x883.jpg 1568w\" sizes=\"(max-width: 2560px) 100vw, 2560px\" style=\"width:100%;height:56.29%;max-width:2560px\" \/>\t\t\t\t\t\t\t\t<\/a>\n\t\t\t\t\t\t\t\t\t\t\t\t\t\t\t<\/div>\n\t\t\t\t<\/div>\n\t\t\t\t<div class=\"elementor-element elementor-element-7da7c94 elementor-widget elementor-widget-image\" data-id=\"7da7c94\" data-element_type=\"widget\" data-widget_type=\"image.default\">\n\t\t\t\t<div class=\"elementor-widget-container\">\n\t\t\t\t\t\t\t\t\t\t\t\t\t\t\t\t<a href=\"https:\/\/greenzoneazores.com\/wp-content\/uploads\/2023\/10\/20210826_131449-scaled.jpg\" data-elementor-open-lightbox=\"yes\" data-elementor-lightbox-title=\"20210826_131449\">\n\t\t\t\t\t\t\t<img decoding=\"async\" width=\"2560\" height=\"1152\" src=\"https:\/\/greenzoneazores.com\/wp-content\/uploads\/2023\/10\/20210826_131449-scaled.jpg\" class=\"elementor-animation-grow attachment-full size-full\" alt=\"\" srcset=\"https:\/\/greenzoneazores.com\/wp-content\/uploads\/2023\/10\/20210826_131449-scaled.jpg 2560w, https:\/\/greenzoneazores.com\/wp-content\/uploads\/2023\/10\/20210826_131449-300x135.jpg 300w, https:\/\/greenzoneazores.com\/wp-content\/uploads\/2023\/10\/20210826_131449-1024x461.jpg 1024w, https:\/\/greenzoneazores.com\/wp-content\/uploads\/2023\/10\/20210826_131449-768x346.jpg 768w, https:\/\/greenzoneazores.com\/wp-content\/uploads\/2023\/10\/20210826_131449-1536x691.jpg 1536w, https:\/\/greenzoneazores.com\/wp-content\/uploads\/2023\/10\/20210826_131449-2048x922.jpg 2048w, https:\/\/greenzoneazores.com\/wp-content\/uploads\/2023\/10\/20210826_131449-18x8.jpg 18w, https:\/\/greenzoneazores.com\/wp-content\/uploads\/2023\/10\/20210826_131449-1568x706.jpg 1568w\" sizes=\"(max-width: 2560px) 100vw, 2560px\" style=\"width:100%;height:45%;max-width:2560px\" \/>\t\t\t\t\t\t\t\t<\/a>\n\t\t\t\t\t\t\t\t\t\t\t\t\t\t\t<\/div>\n\t\t\t\t<\/div>\n\t\t\t\t\t<\/div>\n\t\t<\/div>\n\t\t\t\t<div class=\"elementor-column elementor-col-50 elementor-inner-column elementor-element elementor-element-2822c97\" data-id=\"2822c97\" data-element_type=\"column\">\n\t\t\t<div class=\"elementor-widget-wrap elementor-element-populated\">\n\t\t\t\t\t\t\t\t<div class=\"elementor-element elementor-element-f331595 elementor-widget elementor-widget-image\" data-id=\"f331595\" data-element_type=\"widget\" data-widget_type=\"image.default\">\n\t\t\t\t<div class=\"elementor-widget-container\">\n\t\t\t\t\t\t\t\t\t\t\t\t\t\t\t\t<a href=\"https:\/\/greenzoneazores.com\/wp-content\/uploads\/2023\/10\/488-DSC06746-scaled.jpg\" data-elementor-open-lightbox=\"yes\" data-elementor-lightbox-title=\"488-DSC06746\">\n\t\t\t\t\t\t\t<img decoding=\"async\" width=\"1710\" height=\"2560\" src=\"https:\/\/greenzoneazores.com\/wp-content\/uploads\/2023\/10\/488-DSC06746-scaled.jpg\" class=\"elementor-animation-grow attachment-full size-full\" alt=\"\" srcset=\"https:\/\/greenzoneazores.com\/wp-content\/uploads\/2023\/10\/488-DSC06746-scaled.jpg 1710w, https:\/\/greenzoneazores.com\/wp-content\/uploads\/2023\/10\/488-DSC06746-200x300.jpg 200w, https:\/\/greenzoneazores.com\/wp-content\/uploads\/2023\/10\/488-DSC06746-684x1024.jpg 684w, https:\/\/greenzoneazores.com\/wp-content\/uploads\/2023\/10\/488-DSC06746-768x1150.jpg 768w, https:\/\/greenzoneazores.com\/wp-content\/uploads\/2023\/10\/488-DSC06746-1026x1536.jpg 1026w, https:\/\/greenzoneazores.com\/wp-content\/uploads\/2023\/10\/488-DSC06746-1368x2048.jpg 1368w, https:\/\/greenzoneazores.com\/wp-content\/uploads\/2023\/10\/488-DSC06746-8x12.jpg 8w, https:\/\/greenzoneazores.com\/wp-content\/uploads\/2023\/10\/488-DSC06746-1568x2348.jpg 1568w\" sizes=\"(max-width: 1710px) 100vw, 1710px\" style=\"width:100%;height:149.71%;max-width:1710px\" \/>\t\t\t\t\t\t\t\t<\/a>\n\t\t\t\t\t\t\t\t\t\t\t\t\t\t\t<\/div>\n\t\t\t\t<\/div>\n\t\t\t\t<div class=\"elementor-element elementor-element-b22438b elementor-widget elementor-widget-image\" data-id=\"b22438b\" data-element_type=\"widget\" data-widget_type=\"image.default\">\n\t\t\t\t<div class=\"elementor-widget-container\">\n\t\t\t\t\t\t\t\t\t\t\t\t\t\t\t<img decoding=\"async\" width=\"750\" height=\"1000\" src=\"https:\/\/greenzoneazores.com\/wp-content\/uploads\/2023\/10\/thumbnail_20230323_124028-768x1024.jpg\" class=\"attachment-large size-large\" alt=\"\" srcset=\"https:\/\/greenzoneazores.com\/wp-content\/uploads\/2023\/10\/thumbnail_20230323_124028-768x1024.jpg 768w, https:\/\/greenzoneazores.com\/wp-content\/uploads\/2023\/10\/thumbnail_20230323_124028-225x300.jpg 225w, https:\/\/greenzoneazores.com\/wp-content\/uploads\/2023\/10\/thumbnail_20230323_124028-1152x1536.jpg 1152w, https:\/\/greenzoneazores.com\/wp-content\/uploads\/2023\/10\/thumbnail_20230323_124028-9x12.jpg 9w, https:\/\/greenzoneazores.com\/wp-content\/uploads\/2023\/10\/thumbnail_20230323_124028.jpg 1440w\" sizes=\"(max-width: 750px) 100vw, 750px\" style=\"width:100%;height:133.33%;max-width:1440px\" \/>\t\t\t\t\t\t\t\t\t\t\t\t\t\t\t<\/div>\n\t\t\t\t<\/div>\n\t\t\t\t\t<\/div>\n\t\t<\/div>\n\t\t\t\t\t\t\t<\/div>\n\t\t<\/section>\n\t\t\t\t\t<\/div>\n\t\t<\/div>\n\t\t\t\t\t\t\t<\/div>\n\t\t<\/section>\n\t\t\t\t\t\t<\/div>\n\t\t\t\t\t<\/div>","protected":false},"excerpt":{"rendered":"<p>Quem Somos Sobre N\u00f3s Greenzone Azores Greenzone\u00a0realiza\u00a0passeios de jipe adequado para todo o tipo de terreno\u00a0na ilha de\u00a0S\u00e3o Miguel. Oferecemos\u00a0passeios\u00a0de dia inteiro ou meio dia, como tamb\u00e9m passeios privados, para grupos e at\u00e9 transferes.\u00a0 Esta ser\u00e1 a melhor forma de\u00a0descobrir a\u00a0vegeta\u00e7\u00e3o exuberante,\u00a0os\u00a0aromas\u00a0doces, as\u00a0fontes termais e\u00a0os belos\u00a0segredos escondidos\u00a0da ilha.\u00a0Em cada esquina\u00a0h\u00e1 uma\u00a0nova experi\u00eancia\u00a0\u00e0 sua espera! N\u00e3o&hellip; <a class=\"more-link\" href=\"https:\/\/greenzoneazores.com\/en\/passeios-turisticos-nos-acores\/\">Continue reading <span class=\"screen-reader-text\">Who we are<\/span><\/a><\/p>","protected":false},"author":1,"featured_media":0,"parent":0,"menu_order":0,"comment_status":"closed","ping_status":"closed","template":"elementor_header_footer","meta":{"footnotes":""},"yoast_head":"<!-- This site is optimized with the Yoast SEO plugin v21.4 - https:\/\/yoast.com\/wordpress\/plugins\/seo\/ -->\n<title>Passeios Tur\u00edsticos nos A\u00e7ores - Greenzone Azores<\/title>\n<meta name=\"description\" content=\"Na Greenzone Azores organizamos passeios tur\u00edsticos nos A\u00e7ores de diversas modalidades de acordo com os locais que deseja explorar.\" \/>\n<meta name=\"robots\" content=\"index, follow, max-snippet:-1, max-image-preview:large, max-video-preview:-1\" \/>\n<link rel=\"canonical\" href=\"https:\/\/greenzoneazores.com\/en\/passeios-turisticos-nos-acores\/\" \/>\n<meta property=\"og:locale\" content=\"en_US\" \/>\n<meta property=\"og:type\" content=\"article\" \/>\n<meta property=\"og:title\" content=\"Passeios Tur\u00edsticos nos A\u00e7ores - Greenzone Azores\" \/>\n<meta property=\"og:description\" content=\"Na Greenzone Azores organizamos passeios tur\u00edsticos nos A\u00e7ores de diversas modalidades de acordo com os locais que deseja explorar.\" \/>\n<meta property=\"og:url\" content=\"https:\/\/greenzoneazores.com\/en\/passeios-turisticos-nos-acores\/\" \/>\n<meta property=\"og:site_name\" content=\"Greenzone Azores\" \/>\n<meta property=\"article:publisher\" content=\"https:\/\/www.facebook.com\/GreenZoneAzoresTours\/?ref=page_internal\" \/>\n<meta property=\"article:modified_time\" content=\"2024-03-12T12:44:32+00:00\" \/>\n<meta property=\"og:image\" content=\"https:\/\/greenzoneazores.com\/wp-content\/uploads\/2023\/10\/448-DSC06672-scaled.jpg\" \/>\n<meta name=\"twitter:card\" content=\"summary_large_image\" \/>\n<meta name=\"twitter:label1\" content=\"Est. reading time\" \/>\n\t<meta name=\"twitter:data1\" content=\"2 minutes\" \/>\n<script type=\"application\/ld+json\" class=\"yoast-schema-graph\">{\"@context\":\"https:\/\/schema.org\",\"@graph\":[{\"@type\":\"WebPage\",\"@id\":\"https:\/\/greenzoneazores.com\/passeios-turisticos-nos-acores\/\",\"url\":\"https:\/\/greenzoneazores.com\/passeios-turisticos-nos-acores\/\",\"name\":\"Passeios Tur\u00edsticos nos A\u00e7ores - Greenzone Azores\",\"isPartOf\":{\"@id\":\"https:\/\/greenzoneazores.com\/#website\"},\"datePublished\":\"2021-08-23T23:39:34+00:00\",\"dateModified\":\"2024-03-12T12:44:32+00:00\",\"description\":\"Na Greenzone Azores organizamos passeios tur\u00edsticos nos A\u00e7ores de diversas modalidades de acordo com os locais que deseja explorar.\",\"breadcrumb\":{\"@id\":\"https:\/\/greenzoneazores.com\/passeios-turisticos-nos-acores\/#breadcrumb\"},\"inLanguage\":\"en-US\",\"potentialAction\":[{\"@type\":\"ReadAction\",\"target\":[\"https:\/\/greenzoneazores.com\/passeios-turisticos-nos-acores\/\"]}]},{\"@type\":\"BreadcrumbList\",\"@id\":\"https:\/\/greenzoneazores.com\/passeios-turisticos-nos-acores\/#breadcrumb\",\"itemListElement\":[{\"@type\":\"ListItem\",\"position\":1,\"name\":\"In\u00edcio\",\"item\":\"https:\/\/greenzoneazores.com\/\"},{\"@type\":\"ListItem\",\"position\":2,\"name\":\"Quem Somos\"}]},{\"@type\":\"WebSite\",\"@id\":\"https:\/\/greenzoneazores.com\/#website\",\"url\":\"https:\/\/greenzoneazores.com\/\",\"name\":\"Greenzone Azores\",\"description\":\"Greenzone Azores\",\"publisher\":{\"@id\":\"https:\/\/greenzoneazores.com\/#organization\"},\"potentialAction\":[{\"@type\":\"SearchAction\",\"target\":{\"@type\":\"EntryPoint\",\"urlTemplate\":\"https:\/\/greenzoneazores.com\/?s={search_term_string}\"},\"query-input\":\"required name=search_term_string\"}],\"inLanguage\":\"en-US\"},{\"@type\":\"Organization\",\"@id\":\"https:\/\/greenzoneazores.com\/#organization\",\"name\":\"Greenzone Azores\",\"url\":\"https:\/\/greenzoneazores.com\/\",\"logo\":{\"@type\":\"ImageObject\",\"inLanguage\":\"en-US\",\"@id\":\"https:\/\/greenzoneazores.com\/#\/schema\/logo\/image\/\",\"url\":\"https:\/\/greenzoneazores.com\/wp-content\/uploads\/2021\/08\/thumbnail_logo-sem-fundo.png\",\"contentUrl\":\"https:\/\/greenzoneazores.com\/wp-content\/uploads\/2021\/08\/thumbnail_logo-sem-fundo.png\",\"width\":264,\"height\":264,\"caption\":\"Greenzone Azores\"},\"image\":{\"@id\":\"https:\/\/greenzoneazores.com\/#\/schema\/logo\/image\/\"},\"sameAs\":[\"https:\/\/www.facebook.com\/GreenZoneAzoresTours\/?ref=page_internal\",\"https:\/\/www.instagram.com\/greenzoneazores\/\",\"https:\/\/www.tripadvisor.com.br\/Attraction_Review-g189135-d1449376-Reviews-Greenzone_Azores_Tours-Ponta_Delgada_Sao_Miguel_Azores.html\"]}]}<\/script>\n<!-- \/ Yoast SEO plugin. -->","yoast_head_json":{"title":"Passeios Tur\u00edsticos nos A\u00e7ores - Greenzone Azores","description":"Na Greenzone Azores organizamos passeios tur\u00edsticos nos A\u00e7ores de diversas modalidades de acordo com os locais que deseja explorar.","robots":{"index":"index","follow":"follow","max-snippet":"max-snippet:-1","max-image-preview":"max-image-preview:large","max-video-preview":"max-video-preview:-1"},"canonical":"https:\/\/greenzoneazores.com\/en\/passeios-turisticos-nos-acores\/","og_locale":"en_US","og_type":"article","og_title":"Passeios Tur\u00edsticos nos A\u00e7ores - Greenzone Azores","og_description":"Na Greenzone Azores organizamos passeios tur\u00edsticos nos A\u00e7ores de diversas modalidades de acordo com os locais que deseja explorar.","og_url":"https:\/\/greenzoneazores.com\/en\/passeios-turisticos-nos-acores\/","og_site_name":"Greenzone Azores","article_publisher":"https:\/\/www.facebook.com\/GreenZoneAzoresTours\/?ref=page_internal","article_modified_time":"2024-03-12T12:44:32+00:00","og_image":[{"url":"https:\/\/greenzoneazores.com\/wp-content\/uploads\/2023\/10\/448-DSC06672-scaled.jpg"}],"twitter_card":"summary_large_image","twitter_misc":{"Est. reading time":"2 minutes"},"schema":{"@context":"https:\/\/schema.org","@graph":[{"@type":"WebPage","@id":"https:\/\/greenzoneazores.com\/passeios-turisticos-nos-acores\/","url":"https:\/\/greenzoneazores.com\/passeios-turisticos-nos-acores\/","name":"Passeios Tur\u00edsticos nos A\u00e7ores - Greenzone Azores","isPartOf":{"@id":"https:\/\/greenzoneazores.com\/#website"},"datePublished":"2021-08-23T23:39:34+00:00","dateModified":"2024-03-12T12:44:32+00:00","description":"Na Greenzone Azores organizamos passeios tur\u00edsticos nos A\u00e7ores de diversas modalidades de acordo com os locais que deseja explorar.","breadcrumb":{"@id":"https:\/\/greenzoneazores.com\/passeios-turisticos-nos-acores\/#breadcrumb"},"inLanguage":"en-US","potentialAction":[{"@type":"ReadAction","target":["https:\/\/greenzoneazores.com\/passeios-turisticos-nos-acores\/"]}]},{"@type":"BreadcrumbList","@id":"https:\/\/greenzoneazores.com\/passeios-turisticos-nos-acores\/#breadcrumb","itemListElement":[{"@type":"ListItem","position":1,"name":"In\u00edcio","item":"https:\/\/greenzoneazores.com\/"},{"@type":"ListItem","position":2,"name":"Quem Somos"}]},{"@type":"WebSite","@id":"https:\/\/greenzoneazores.com\/#website","url":"https:\/\/greenzoneazores.com\/","name":"Greenzone Azores","description":"Greenzone Azores","publisher":{"@id":"https:\/\/greenzoneazores.com\/#organization"},"potentialAction":[{"@type":"SearchAction","target":{"@type":"EntryPoint","urlTemplate":"https:\/\/greenzoneazores.com\/?s={search_term_string}"},"query-input":"required name=search_term_string"}],"inLanguage":"en-US"},{"@type":"Organization","@id":"https:\/\/greenzoneazores.com\/#organization","name":"Greenzone Azores","url":"https:\/\/greenzoneazores.com\/","logo":{"@type":"ImageObject","inLanguage":"en-US","@id":"https:\/\/greenzoneazores.com\/#\/schema\/logo\/image\/","url":"https:\/\/greenzoneazores.com\/wp-content\/uploads\/2021\/08\/thumbnail_logo-sem-fundo.png","contentUrl":"https:\/\/greenzoneazores.com\/wp-content\/uploads\/2021\/08\/thumbnail_logo-sem-fundo.png","width":264,"height":264,"caption":"Greenzone Azores"},"image":{"@id":"https:\/\/greenzoneazores.com\/#\/schema\/logo\/image\/"},"sameAs":["https:\/\/www.facebook.com\/GreenZoneAzoresTours\/?ref=page_internal","https:\/\/www.instagram.com\/greenzoneazores\/","https:\/\/www.tripadvisor.com.br\/Attraction_Review-g189135-d1449376-Reviews-Greenzone_Azores_Tours-Ponta_Delgada_Sao_Miguel_Azores.html"]}]}},"_links":{"self":[{"href":"https:\/\/greenzoneazores.com\/en\/wp-json\/wp\/v2\/pages\/283"}],"collection":[{"href":"https:\/\/greenzoneazores.com\/en\/wp-json\/wp\/v2\/pages"}],"about":[{"href":"https:\/\/greenzoneazores.com\/en\/wp-json\/wp\/v2\/types\/page"}],"author":[{"embeddable":true,"href":"https:\/\/greenzoneazores.com\/en\/wp-json\/wp\/v2\/users\/1"}],"replies":[{"embeddable":true,"href":"https:\/\/greenzoneazores.com\/en\/wp-json\/wp\/v2\/comments?post=283"}],"version-history":[{"count":3,"href":"https:\/\/greenzoneazores.com\/en\/wp-json\/wp\/v2\/pages\/283\/revisions"}],"predecessor-version":[{"id":3080,"href":"https:\/\/greenzoneazores.com\/en\/wp-json\/wp\/v2\/pages\/283\/revisions\/3080"}],"wp:attachment":[{"href":"https:\/\/greenzoneazores.com\/en\/wp-json\/wp\/v2\/media?parent=283"}],"curies":[{"name":"wp","href":"https:\/\/api.w.org\/{rel}","templated":true}]}}