{"id":505,"date":"2021-09-24T12:12:37","date_gmt":"2021-09-24T12:12:37","guid":{"rendered":"https:\/\/greenzoneazores.com\/?page_id=505"},"modified":"2023-10-27T13:27:38","modified_gmt":"2023-10-27T13:27:38","slug":"passeio-de-jipe-nos-acores","status":"publish","type":"page","link":"https:\/\/greenzoneazores.com\/en\/passeio-de-jipe-nos-acores\/","title":{"rendered":"Jeep Tours"},"content":{"rendered":"<div data-elementor-type=\"wp-page\" data-elementor-id=\"505\" class=\"elementor elementor-505\" data-elementor-settings=\"[]\">\n\t\t\t\t\t\t\t<div class=\"elementor-section-wrap\">\n\t\t\t\t\t\t\t<section class=\"elementor-section elementor-top-section elementor-element elementor-element-69efde81 elementor-section-full_width elementor-section-height-default elementor-section-height-default\" data-id=\"69efde81\" data-element_type=\"section\">\n\t\t\t\t\t\t<div class=\"elementor-container elementor-column-gap-no\">\n\t\t\t\t\t<div class=\"elementor-column elementor-col-100 elementor-top-column elementor-element elementor-element-85faa6e\" data-id=\"85faa6e\" data-element_type=\"column\">\n\t\t\t<div class=\"elementor-widget-wrap\">\n\t\t\t\t\t\t\t\t\t<\/div>\n\t\t<\/div>\n\t\t\t\t\t\t\t<\/div>\n\t\t<\/section>\n\t\t\t\t<section class=\"elementor-section elementor-top-section elementor-element elementor-element-e2b13cc elementor-section-boxed elementor-section-height-default elementor-section-height-default\" data-id=\"e2b13cc\" data-element_type=\"section\" data-settings=\"{&quot;background_background&quot;:&quot;classic&quot;}\">\n\t\t\t\t\t\t\t<div class=\"elementor-background-overlay\"><\/div>\n\t\t\t\t\t\t\t<div class=\"elementor-container elementor-column-gap-no\">\n\t\t\t\t\t<div class=\"elementor-column elementor-col-100 elementor-top-column elementor-element elementor-element-72b8db2\" data-id=\"72b8db2\" data-element_type=\"column\">\n\t\t\t<div class=\"elementor-widget-wrap elementor-element-populated\">\n\t\t\t\t\t\t\t\t<div class=\"elementor-element elementor-element-282f077 elementor-widget elementor-widget-heading\" data-id=\"282f077\" data-element_type=\"widget\" data-widget_type=\"heading.default\">\n\t\t\t\t<div class=\"elementor-widget-container\">\n\t\t\t<h2 class=\"elementor-heading-title elementor-size-default\">Jeep Tours<\/h2>\t\t<\/div>\n\t\t\t\t<\/div>\n\t\t\t\t\t<\/div>\n\t\t<\/div>\n\t\t\t\t\t\t\t<\/div>\n\t\t<\/section>\n\t\t\t\t<section class=\"elementor-section elementor-top-section elementor-element elementor-element-cc61ec2 elementor-section-boxed elementor-section-height-default elementor-section-height-default\" data-id=\"cc61ec2\" data-element_type=\"section\">\n\t\t\t\t\t\t<div class=\"elementor-container elementor-column-gap-default\">\n\t\t\t\t\t<div class=\"elementor-column elementor-col-100 elementor-top-column elementor-element elementor-element-ac62283\" data-id=\"ac62283\" data-element_type=\"column\">\n\t\t\t<div class=\"elementor-widget-wrap elementor-element-populated\">\n\t\t\t\t\t\t\t\t<div class=\"elementor-element elementor-element-f1e4627 elementor-widget elementor-widget-spacer\" data-id=\"f1e4627\" data-element_type=\"widget\" data-widget_type=\"spacer.default\">\n\t\t\t\t<div class=\"elementor-widget-container\">\n\t\t\t\t\t<div class=\"elementor-spacer\">\n\t\t\t<div class=\"elementor-spacer-inner\"><\/div>\n\t\t<\/div>\n\t\t\t\t<\/div>\n\t\t\t\t<\/div>\n\t\t\t\t<div class=\"elementor-element elementor-element-ec0d05d elementor-widget elementor-widget-heading\" data-id=\"ec0d05d\" data-element_type=\"widget\" data-widget_type=\"heading.default\">\n\t\t\t\t<div class=\"elementor-widget-container\">\n\t\t\t<h2 class=\"elementor-heading-title elementor-size-default\">Ready to go on an adventure?<\/h2>\t\t<\/div>\n\t\t\t\t<\/div>\n\t\t\t\t<div class=\"elementor-element elementor-element-4248bca elementor-widget elementor-widget-heading\" data-id=\"4248bca\" data-element_type=\"widget\" data-widget_type=\"heading.default\">\n\t\t\t\t<div class=\"elementor-widget-container\">\n\t\t\t<h2 class=\"elementor-heading-title elementor-size-default\">Our Jeep Tours<\/h2>\t\t<\/div>\n\t\t\t\t<\/div>\n\t\t\t\t<div class=\"elementor-element elementor-element-fdc07e4 elementor-widget elementor-widget-text-editor\" data-id=\"fdc07e4\" data-element_type=\"widget\" data-widget_type=\"text-editor.default\">\n\t\t\t\t<div class=\"elementor-widget-container\">\n\t\t\t\t\t\t\t<p class=\" translation-block\">See the <strong>jeep tours<\/strong> that we have available for you \u2013 from <strong>Lagoa do Fogo<\/strong>, <strong>Furnas<\/strong>, <strong>Sete Cidades<\/strong> and <strong>Nordeste<\/strong>, there are several destinations ready to be discovered by you!<\/p>\t\t\t\t\t\t<\/div>\n\t\t\t\t<\/div>\n\t\t\t\t\t<\/div>\n\t\t<\/div>\n\t\t\t\t\t\t\t<\/div>\n\t\t<\/section>\n\t\t\t\t<section class=\"elementor-section elementor-top-section elementor-element elementor-element-94feace elementor-section-boxed elementor-section-height-default elementor-section-height-default\" data-id=\"94feace\" data-element_type=\"section\">\n\t\t\t\t\t\t<div class=\"elementor-container elementor-column-gap-no\">\n\t\t\t\t\t<div class=\"elementor-column elementor-col-100 elementor-top-column elementor-element elementor-element-ba000c8\" data-id=\"ba000c8\" data-element_type=\"column\">\n\t\t\t<div class=\"elementor-widget-wrap elementor-element-populated\">\n\t\t\t\t\t\t\t\t<section class=\"elementor-section elementor-inner-section elementor-element elementor-element-4efceec elementor-section-boxed elementor-section-height-default elementor-section-height-default\" data-id=\"4efceec\" data-element_type=\"section\">\n\t\t\t\t\t\t<div class=\"elementor-container elementor-column-gap-no\">\n\t\t\t\t\t<div class=\"elementor-column elementor-col-33 elementor-inner-column elementor-element elementor-element-a2cb9ca\" data-id=\"a2cb9ca\" data-element_type=\"column\" data-settings=\"{&quot;background_background&quot;:&quot;classic&quot;}\">\n\t\t\t<div class=\"elementor-widget-wrap elementor-element-populated\">\n\t\t\t\t\t\t\t\t<div class=\"elementor-element elementor-element-5b963d6 jkit-equal-height-disable elementor-widget elementor-widget-jkit_icon_box\" data-id=\"5b963d6\" data-element_type=\"widget\" data-widget_type=\"jkit_icon_box.default\">\n\t\t\t\t<div class=\"elementor-widget-container\">\n\t\t\t<div  class=\"jeg-elementor-kit jkit-icon-box icon-position- elementor-animation- jeg_module___69eb794fa854f\" ><div class=\"jkit-icon-box-wrapper hover-from-left\"><div class=\"icon-box icon-box-body\">\n                <h2 class=\"title\">Half Day Lagoa do Fogo<\/h2><p class=\"icon-box-description\">This is the ideal tour to relax accompanied by nature. Here you can visit one of the island's dormant volcanoes and the lagoon.<\/p><div class=\"icon-box-button\">\n                <div class=\"btn-wrapper icon-position-after\">\n                    <a href=\"https:\/\/greenzoneazores.com\/en\/passeios-interna\/\"  class=\"icon-box-link\"  >VIEW TOUR<i aria-hidden=\"true\" class=\"jki jki-right-arrow-12\"><\/i><\/a>\n                <\/div>\n            <\/div>\n            <\/div>\n            \n            <\/div><\/div>\t\t<\/div>\n\t\t\t\t<\/div>\n\t\t\t\t\t<\/div>\n\t\t<\/div>\n\t\t\t\t<div class=\"elementor-column elementor-col-33 elementor-inner-column elementor-element elementor-element-2f64b9a\" data-id=\"2f64b9a\" data-element_type=\"column\" data-settings=\"{&quot;background_background&quot;:&quot;classic&quot;}\">\n\t\t\t<div class=\"elementor-widget-wrap elementor-element-populated\">\n\t\t\t\t\t\t\t\t<div class=\"elementor-element elementor-element-7391980 jkit-equal-height-disable elementor-widget elementor-widget-jkit_icon_box\" data-id=\"7391980\" data-element_type=\"widget\" data-widget_type=\"jkit_icon_box.default\">\n\t\t\t\t<div class=\"elementor-widget-container\">\n\t\t\t<div  class=\"jeg-elementor-kit jkit-icon-box icon-position- elementor-animation- jeg_module__1_69eb794fa8bc4\" ><div class=\"jkit-icon-box-wrapper hover-from-left\"><div class=\"icon-box icon-box-body\">\n                <h2 class=\"title\">Furnas<\/h2><p class=\"icon-box-description\">This is a full day tour where one of the obligatory stops is at the tea plantation that blends in with the refreshing landscape.<\/p><div class=\"icon-box-button\">\n                <div class=\"btn-wrapper icon-position-after\">\n                    <a href=\"https:\/\/greenzoneazores.com\/en\/furnas-jipe\/\"  class=\"icon-box-link\"  >VIEW TOUR<i aria-hidden=\"true\" class=\"jki jki-right-arrow-12\"><\/i><\/a>\n                <\/div>\n            <\/div>\n            <\/div>\n            <div class=\"icon-box-badge topright\">\n                <span class=\"badge-text\">Lunch and drinks included<\/span>\n            <\/div>\n            <\/div><\/div>\t\t<\/div>\n\t\t\t\t<\/div>\n\t\t\t\t\t<\/div>\n\t\t<\/div>\n\t\t\t\t<div class=\"elementor-column elementor-col-33 elementor-inner-column elementor-element elementor-element-90804f9\" data-id=\"90804f9\" data-element_type=\"column\" data-settings=\"{&quot;background_background&quot;:&quot;classic&quot;}\">\n\t\t\t<div class=\"elementor-widget-wrap elementor-element-populated\">\n\t\t\t\t\t\t\t\t<div class=\"elementor-element elementor-element-2dae079 jkit-equal-height-disable elementor-widget elementor-widget-jkit_icon_box\" data-id=\"2dae079\" data-element_type=\"widget\" data-widget_type=\"jkit_icon_box.default\">\n\t\t\t\t<div class=\"elementor-widget-container\">\n\t\t\t<div  class=\"jeg-elementor-kit jkit-icon-box icon-position- elementor-animation- jeg_module__2_69eb794fa91e2\" ><div class=\"jkit-icon-box-wrapper hover-from-left\"><div class=\"icon-box icon-box-body\">\n                <h2 class=\"title\">Half Day Sete Cidades<\/h2><p class=\"icon-box-description\">Do you want adventure? Then this is the tour for you! On it you will see unique panoramic views from the top of the mountain.<\/p><div class=\"icon-box-button\">\n                <div class=\"btn-wrapper icon-position-after\">\n                    <a href=\"https:\/\/greenzoneazores.com\/en\/meio-dia-sete-cidades-jipe\/\"  class=\"icon-box-link\"  >VIEW TOUR<i aria-hidden=\"true\" class=\"jki jki-right-arrow-12\"><\/i><\/a>\n                <\/div>\n            <\/div>\n            <\/div>\n            \n            <\/div><\/div>\t\t<\/div>\n\t\t\t\t<\/div>\n\t\t\t\t\t<\/div>\n\t\t<\/div>\n\t\t\t\t\t\t\t<\/div>\n\t\t<\/section>\n\t\t\t\t<section class=\"elementor-section elementor-inner-section elementor-element elementor-element-4b6c11e elementor-section-boxed elementor-section-height-default elementor-section-height-default\" data-id=\"4b6c11e\" data-element_type=\"section\">\n\t\t\t\t\t\t<div class=\"elementor-container elementor-column-gap-no\">\n\t\t\t\t\t<div class=\"elementor-column elementor-col-33 elementor-inner-column elementor-element elementor-element-d622c16\" data-id=\"d622c16\" data-element_type=\"column\" data-settings=\"{&quot;background_background&quot;:&quot;classic&quot;}\">\n\t\t\t<div class=\"elementor-widget-wrap elementor-element-populated\">\n\t\t\t\t\t\t\t\t<div class=\"elementor-element elementor-element-ff9da2c jkit-equal-height-disable elementor-widget elementor-widget-jkit_icon_box\" data-id=\"ff9da2c\" data-element_type=\"widget\" data-widget_type=\"jkit_icon_box.default\">\n\t\t\t\t<div class=\"elementor-widget-container\">\n\t\t\t<div  class=\"jeg-elementor-kit jkit-icon-box icon-position- elementor-animation- jeg_module__3_69eb794fa99bf\" ><div class=\"jkit-icon-box-wrapper hover-from-left\"><div class=\"icon-box icon-box-body\">\n                <h2 class=\"title\">Full Day Sete Cidades &amp; Lagoa do Fogo<\/h2><p class=\"icon-box-description\">This is one of the most popular tours, as you can get to know a large part of the island in one day.<\/p><div class=\"icon-box-button\">\n                <div class=\"btn-wrapper icon-position-after\">\n                    <a href=\"https:\/\/greenzoneazores.com\/en\/dia-inteiro-sete-cidades-lagoa-do-fogo\/\"  class=\"icon-box-link\"  >VIEW TOUR<i aria-hidden=\"true\" class=\"jki jki-right-arrow-12\"><\/i><\/a>\n                <\/div>\n            <\/div>\n            <\/div>\n            <div class=\"icon-box-badge topright\">\n                <span class=\"badge-text\">Lunch and drinks included<\/span>\n            <\/div>\n            <\/div><\/div>\t\t<\/div>\n\t\t\t\t<\/div>\n\t\t\t\t\t<\/div>\n\t\t<\/div>\n\t\t\t\t<div class=\"elementor-column elementor-col-33 elementor-inner-column elementor-element elementor-element-7c7c4aa\" data-id=\"7c7c4aa\" data-element_type=\"column\" data-settings=\"{&quot;background_background&quot;:&quot;classic&quot;}\">\n\t\t\t<div class=\"elementor-widget-wrap elementor-element-populated\">\n\t\t\t\t\t\t\t\t<div class=\"elementor-element elementor-element-4e1a819 jkit-equal-height-disable elementor-widget elementor-widget-jkit_icon_box\" data-id=\"4e1a819\" data-element_type=\"widget\" data-widget_type=\"jkit_icon_box.default\">\n\t\t\t\t<div class=\"elementor-widget-container\">\n\t\t\t<div  class=\"jeg-elementor-kit jkit-icon-box icon-position- elementor-animation- jeg_module__4_69eb794fa9fa2\" ><div class=\"jkit-icon-box-wrapper hover-from-left\"><div class=\"icon-box icon-box-body\">\n                <h2 class=\"title\">Nordeste<\/h2><p class=\"icon-box-description\">By choosing this tour you will get to know the first area of the island to be formed, the Nordeste, among other sites in the surrounding area located on the east coast.<\/p><div class=\"icon-box-button\">\n                <div class=\"btn-wrapper icon-position-after\">\n                    <a href=\"https:\/\/greenzoneazores.com\/en\/nordeste-jipe\/\"  class=\"icon-box-link\"  >VIEW TOUR<i aria-hidden=\"true\" class=\"jki jki-right-arrow-12\"><\/i><\/a>\n                <\/div>\n            <\/div>\n            <\/div>\n            <div class=\"icon-box-badge topright\">\n                <span class=\"badge-text\">Lunch and drinks included<\/span>\n            <\/div>\n            <\/div><\/div>\t\t<\/div>\n\t\t\t\t<\/div>\n\t\t\t\t\t<\/div>\n\t\t<\/div>\n\t\t\t\t<div class=\"elementor-column elementor-col-33 elementor-inner-column elementor-element elementor-element-cab653f elementor-hidden-desktop elementor-hidden-tablet elementor-hidden-mobile\" data-id=\"cab653f\" data-element_type=\"column\" data-settings=\"{&quot;background_background&quot;:&quot;classic&quot;}\">\n\t\t\t<div class=\"elementor-widget-wrap elementor-element-populated\">\n\t\t\t\t\t\t\t\t<div class=\"elementor-element elementor-element-9726702 jkit-equal-height-disable elementor-widget elementor-widget-jkit_icon_box\" data-id=\"9726702\" data-element_type=\"widget\" data-widget_type=\"jkit_icon_box.default\">\n\t\t\t\t<div class=\"elementor-widget-container\">\n\t\t\t<div  class=\"jeg-elementor-kit jkit-icon-box icon-position- elementor-animation- jeg_module__5_69eb794faa584\" ><div class=\"jkit-icon-box-wrapper hover-from-left\"><div class=\"icon-box icon-box-body\">\n                <h2 class=\"title\">Mosteiros<\/h2><p class=\"icon-box-description\">Lorem ipsum dolor sit amet, consectetur adipiscing elit, sed do eiusmod tempor incididunt ut labore et dolore.<\/p><div class=\"icon-box-button\">\n                <div class=\"btn-wrapper icon-position-after\">\n                    <a href=\"https:\/\/greenzoneazores.com\/en\/passeios-interna\/\"  class=\"icon-box-link\"  >VIEW TOUR<i aria-hidden=\"true\" class=\"jki jki-right-arrow-12\"><\/i><\/a>\n                <\/div>\n            <\/div>\n            <\/div>\n            \n            <\/div><\/div>\t\t<\/div>\n\t\t\t\t<\/div>\n\t\t\t\t\t<\/div>\n\t\t<\/div>\n\t\t\t\t\t\t\t<\/div>\n\t\t<\/section>\n\t\t\t\t\t<\/div>\n\t\t<\/div>\n\t\t\t\t\t\t\t<\/div>\n\t\t<\/section>\n\t\t\t\t\t\t<\/div>\n\t\t\t\t\t<\/div>","protected":false},"excerpt":{"rendered":"<p>Passeios de Jipe Pronto para partir numa aventura? Os nossos Passeios de Jipe Consulte os passeios de jipe que temos dispon\u00edveis para si &#8211; desde a Lagoa do Fogo, Furnas, Sete Cidades at\u00e9 ao Nordeste, existem diversos destinos prontos para serem descobertos por si! Meio Dia Lagoa do Fogo Este \u00e9 o passeio ideal para&hellip; <a class=\"more-link\" href=\"https:\/\/greenzoneazores.com\/en\/passeio-de-jipe-nos-acores\/\">Continue reading <span class=\"screen-reader-text\">Jeep Tours<\/span><\/a><\/p>","protected":false},"author":1,"featured_media":0,"parent":0,"menu_order":0,"comment_status":"closed","ping_status":"closed","template":"elementor_header_footer","meta":{"footnotes":""},"yoast_head":"<!-- This site is optimized with the Yoast SEO plugin v21.4 - https:\/\/yoast.com\/wordpress\/plugins\/seo\/ -->\n<title>Passeio de Jipe nos A\u00e7ores - Greenzone Azores<\/title>\n<meta name=\"description\" content=\"Quer explorar a ilha de S\u00e3o Miguel? Nada melhor do que um passeio de jipe nos A\u00e7ores acompanhado pela Greenzone A\u00e7ores!\" \/>\n<meta name=\"robots\" content=\"index, follow, max-snippet:-1, max-image-preview:large, max-video-preview:-1\" \/>\n<link rel=\"canonical\" href=\"https:\/\/greenzoneazores.com\/en\/passeio-de-jipe-nos-acores\/\" \/>\n<meta property=\"og:locale\" content=\"en_US\" \/>\n<meta property=\"og:type\" content=\"article\" \/>\n<meta property=\"og:title\" content=\"Passeio de Jipe nos A\u00e7ores - Greenzone Azores\" \/>\n<meta property=\"og:description\" content=\"Quer explorar a ilha de S\u00e3o Miguel? Nada melhor do que um passeio de jipe nos A\u00e7ores acompanhado pela Greenzone A\u00e7ores!\" \/>\n<meta property=\"og:url\" content=\"https:\/\/greenzoneazores.com\/en\/passeio-de-jipe-nos-acores\/\" \/>\n<meta property=\"og:site_name\" content=\"Greenzone Azores\" \/>\n<meta property=\"article:publisher\" content=\"https:\/\/www.facebook.com\/GreenZoneAzoresTours\/?ref=page_internal\" \/>\n<meta property=\"article:modified_time\" content=\"2023-10-27T13:27:38+00:00\" \/>\n<meta name=\"twitter:card\" content=\"summary_large_image\" \/>\n<meta name=\"twitter:label1\" content=\"Est. reading time\" \/>\n\t<meta name=\"twitter:data1\" content=\"2 minutes\" \/>\n<script type=\"application\/ld+json\" class=\"yoast-schema-graph\">{\"@context\":\"https:\/\/schema.org\",\"@graph\":[{\"@type\":\"WebPage\",\"@id\":\"https:\/\/greenzoneazores.com\/en\/passeio-de-jipe-nos-acores\/\",\"url\":\"https:\/\/greenzoneazores.com\/en\/passeio-de-jipe-nos-acores\/\",\"name\":\"Passeio de Jipe nos A\u00e7ores - Greenzone Azores\",\"isPartOf\":{\"@id\":\"https:\/\/greenzoneazores.com\/#website\"},\"datePublished\":\"2021-09-24T12:12:37+00:00\",\"dateModified\":\"2023-10-27T13:27:38+00:00\",\"description\":\"Quer explorar a ilha de S\u00e3o Miguel? Nada melhor do que um passeio de jipe nos A\u00e7ores acompanhado pela Greenzone A\u00e7ores!\",\"breadcrumb\":{\"@id\":\"https:\/\/greenzoneazores.com\/en\/passeio-de-jipe-nos-acores\/#breadcrumb\"},\"inLanguage\":\"en-US\",\"potentialAction\":[{\"@type\":\"ReadAction\",\"target\":[\"https:\/\/greenzoneazores.com\/en\/passeio-de-jipe-nos-acores\/\"]}]},{\"@type\":\"BreadcrumbList\",\"@id\":\"https:\/\/greenzoneazores.com\/en\/passeio-de-jipe-nos-acores\/#breadcrumb\",\"itemListElement\":[{\"@type\":\"ListItem\",\"position\":1,\"name\":\"In\u00edcio\",\"item\":\"https:\/\/greenzoneazores.com\/\"},{\"@type\":\"ListItem\",\"position\":2,\"name\":\"Passeios de Jipe\"}]},{\"@type\":\"WebSite\",\"@id\":\"https:\/\/greenzoneazores.com\/#website\",\"url\":\"https:\/\/greenzoneazores.com\/\",\"name\":\"Greenzone Azores\",\"description\":\"Greenzone Azores\",\"publisher\":{\"@id\":\"https:\/\/greenzoneazores.com\/#organization\"},\"potentialAction\":[{\"@type\":\"SearchAction\",\"target\":{\"@type\":\"EntryPoint\",\"urlTemplate\":\"https:\/\/greenzoneazores.com\/?s={search_term_string}\"},\"query-input\":\"required name=search_term_string\"}],\"inLanguage\":\"en-US\"},{\"@type\":\"Organization\",\"@id\":\"https:\/\/greenzoneazores.com\/#organization\",\"name\":\"Greenzone Azores\",\"url\":\"https:\/\/greenzoneazores.com\/\",\"logo\":{\"@type\":\"ImageObject\",\"inLanguage\":\"en-US\",\"@id\":\"https:\/\/greenzoneazores.com\/#\/schema\/logo\/image\/\",\"url\":\"https:\/\/greenzoneazores.com\/wp-content\/uploads\/2021\/08\/thumbnail_logo-sem-fundo.png\",\"contentUrl\":\"https:\/\/greenzoneazores.com\/wp-content\/uploads\/2021\/08\/thumbnail_logo-sem-fundo.png\",\"width\":264,\"height\":264,\"caption\":\"Greenzone Azores\"},\"image\":{\"@id\":\"https:\/\/greenzoneazores.com\/#\/schema\/logo\/image\/\"},\"sameAs\":[\"https:\/\/www.facebook.com\/GreenZoneAzoresTours\/?ref=page_internal\",\"https:\/\/www.instagram.com\/greenzoneazores\/\",\"https:\/\/www.tripadvisor.com.br\/Attraction_Review-g189135-d1449376-Reviews-Greenzone_Azores_Tours-Ponta_Delgada_Sao_Miguel_Azores.html\"]}]}<\/script>\n<!-- \/ Yoast SEO plugin. -->","yoast_head_json":{"title":"Passeio de Jipe nos A\u00e7ores - Greenzone Azores","description":"Quer explorar a ilha de S\u00e3o Miguel? Nada melhor do que um passeio de jipe nos A\u00e7ores acompanhado pela Greenzone A\u00e7ores!","robots":{"index":"index","follow":"follow","max-snippet":"max-snippet:-1","max-image-preview":"max-image-preview:large","max-video-preview":"max-video-preview:-1"},"canonical":"https:\/\/greenzoneazores.com\/en\/passeio-de-jipe-nos-acores\/","og_locale":"en_US","og_type":"article","og_title":"Passeio de Jipe nos A\u00e7ores - Greenzone Azores","og_description":"Quer explorar a ilha de S\u00e3o Miguel? Nada melhor do que um passeio de jipe nos A\u00e7ores acompanhado pela Greenzone A\u00e7ores!","og_url":"https:\/\/greenzoneazores.com\/en\/passeio-de-jipe-nos-acores\/","og_site_name":"Greenzone Azores","article_publisher":"https:\/\/www.facebook.com\/GreenZoneAzoresTours\/?ref=page_internal","article_modified_time":"2023-10-27T13:27:38+00:00","twitter_card":"summary_large_image","twitter_misc":{"Est. reading time":"2 minutes"},"schema":{"@context":"https:\/\/schema.org","@graph":[{"@type":"WebPage","@id":"https:\/\/greenzoneazores.com\/en\/passeio-de-jipe-nos-acores\/","url":"https:\/\/greenzoneazores.com\/en\/passeio-de-jipe-nos-acores\/","name":"Passeio de Jipe nos A\u00e7ores - Greenzone Azores","isPartOf":{"@id":"https:\/\/greenzoneazores.com\/#website"},"datePublished":"2021-09-24T12:12:37+00:00","dateModified":"2023-10-27T13:27:38+00:00","description":"Quer explorar a ilha de S\u00e3o Miguel? Nada melhor do que um passeio de jipe nos A\u00e7ores acompanhado pela Greenzone A\u00e7ores!","breadcrumb":{"@id":"https:\/\/greenzoneazores.com\/en\/passeio-de-jipe-nos-acores\/#breadcrumb"},"inLanguage":"en-US","potentialAction":[{"@type":"ReadAction","target":["https:\/\/greenzoneazores.com\/en\/passeio-de-jipe-nos-acores\/"]}]},{"@type":"BreadcrumbList","@id":"https:\/\/greenzoneazores.com\/en\/passeio-de-jipe-nos-acores\/#breadcrumb","itemListElement":[{"@type":"ListItem","position":1,"name":"In\u00edcio","item":"https:\/\/greenzoneazores.com\/"},{"@type":"ListItem","position":2,"name":"Passeios de Jipe"}]},{"@type":"WebSite","@id":"https:\/\/greenzoneazores.com\/#website","url":"https:\/\/greenzoneazores.com\/","name":"Greenzone Azores","description":"Greenzone Azores","publisher":{"@id":"https:\/\/greenzoneazores.com\/#organization"},"potentialAction":[{"@type":"SearchAction","target":{"@type":"EntryPoint","urlTemplate":"https:\/\/greenzoneazores.com\/?s={search_term_string}"},"query-input":"required name=search_term_string"}],"inLanguage":"en-US"},{"@type":"Organization","@id":"https:\/\/greenzoneazores.com\/#organization","name":"Greenzone Azores","url":"https:\/\/greenzoneazores.com\/","logo":{"@type":"ImageObject","inLanguage":"en-US","@id":"https:\/\/greenzoneazores.com\/#\/schema\/logo\/image\/","url":"https:\/\/greenzoneazores.com\/wp-content\/uploads\/2021\/08\/thumbnail_logo-sem-fundo.png","contentUrl":"https:\/\/greenzoneazores.com\/wp-content\/uploads\/2021\/08\/thumbnail_logo-sem-fundo.png","width":264,"height":264,"caption":"Greenzone Azores"},"image":{"@id":"https:\/\/greenzoneazores.com\/#\/schema\/logo\/image\/"},"sameAs":["https:\/\/www.facebook.com\/GreenZoneAzoresTours\/?ref=page_internal","https:\/\/www.instagram.com\/greenzoneazores\/","https:\/\/www.tripadvisor.com.br\/Attraction_Review-g189135-d1449376-Reviews-Greenzone_Azores_Tours-Ponta_Delgada_Sao_Miguel_Azores.html"]}]}},"_links":{"self":[{"href":"https:\/\/greenzoneazores.com\/en\/wp-json\/wp\/v2\/pages\/505"}],"collection":[{"href":"https:\/\/greenzoneazores.com\/en\/wp-json\/wp\/v2\/pages"}],"about":[{"href":"https:\/\/greenzoneazores.com\/en\/wp-json\/wp\/v2\/types\/page"}],"author":[{"embeddable":true,"href":"https:\/\/greenzoneazores.com\/en\/wp-json\/wp\/v2\/users\/1"}],"replies":[{"embeddable":true,"href":"https:\/\/greenzoneazores.com\/en\/wp-json\/wp\/v2\/comments?post=505"}],"version-history":[{"count":21,"href":"https:\/\/greenzoneazores.com\/en\/wp-json\/wp\/v2\/pages\/505\/revisions"}],"predecessor-version":[{"id":2703,"href":"https:\/\/greenzoneazores.com\/en\/wp-json\/wp\/v2\/pages\/505\/revisions\/2703"}],"wp:attachment":[{"href":"https:\/\/greenzoneazores.com\/en\/wp-json\/wp\/v2\/media?parent=505"}],"curies":[{"name":"wp","href":"https:\/\/api.w.org\/{rel}","templated":true}]}}