{"id":512,"date":"2021-09-24T12:14:53","date_gmt":"2021-09-24T12:14:53","guid":{"rendered":"https:\/\/greenzoneazores.com\/?page_id=512"},"modified":"2022-09-29T16:59:42","modified_gmt":"2022-09-29T16:59:42","slug":"cruzeiro-nos-acores","status":"publish","type":"page","link":"https:\/\/greenzoneazores.com\/en\/cruzeiro-nos-acores\/","title":{"rendered":"Cruises"},"content":{"rendered":"<div data-elementor-type=\"page\" data-elementor-id=\"811\" class=\"elementor elementor-811\" data-elementor-settings=\"[]\">\n\t\t\t\t\t\t\t<div class=\"elementor-section-wrap\">\n\t\t\t\t\t\t\t<section class=\"elementor-section elementor-top-section elementor-element elementor-element-905f255 elementor-section-boxed elementor-section-height-default elementor-section-height-default\" data-id=\"905f255\" data-element_type=\"section\" data-settings=\"{&quot;background_background&quot;:&quot;classic&quot;}\">\n\t\t\t\t\t\t\t<div class=\"elementor-background-overlay\"><\/div>\n\t\t\t\t\t\t\t<div class=\"elementor-container elementor-column-gap-no\">\n\t\t\t\t\t<div class=\"elementor-column elementor-col-100 elementor-top-column elementor-element elementor-element-ea31bba\" data-id=\"ea31bba\" data-element_type=\"column\">\n\t\t\t<div class=\"elementor-widget-wrap elementor-element-populated\">\n\t\t\t\t\t\t\t\t<div class=\"elementor-element elementor-element-4bede66 elementor-widget elementor-widget-heading\" data-id=\"4bede66\" data-element_type=\"widget\" data-widget_type=\"heading.default\">\n\t\t\t\t<div class=\"elementor-widget-container\">\n\t\t\t<h2 class=\"elementor-heading-title elementor-size-default\">Cruises<\/h2>\t\t<\/div>\n\t\t\t\t<\/div>\n\t\t\t\t\t<\/div>\n\t\t<\/div>\n\t\t\t\t\t\t\t<\/div>\n\t\t<\/section>\n\t\t\t\t<section class=\"elementor-section elementor-top-section elementor-element elementor-element-8393da2 elementor-hidden-desktop elementor-hidden-tablet elementor-hidden-mobile elementor-section-boxed elementor-section-height-default elementor-section-height-default\" data-id=\"8393da2\" data-element_type=\"section\">\n\t\t\t\t\t\t<div class=\"elementor-container elementor-column-gap-no\">\n\t\t\t\t\t<div class=\"elementor-column elementor-col-100 elementor-top-column elementor-element elementor-element-801b81b\" data-id=\"801b81b\" data-element_type=\"column\">\n\t\t\t<div class=\"elementor-widget-wrap elementor-element-populated\">\n\t\t\t\t\t\t\t\t<div class=\"elementor-element elementor-element-a371354 elementor-widget elementor-widget-heading\" data-id=\"a371354\" data-element_type=\"widget\" data-widget_type=\"heading.default\">\n\t\t\t\t<div class=\"elementor-widget-container\">\n\t\t\t<h2 class=\"elementor-heading-title elementor-size-default\">Tours<\/h2>\t\t<\/div>\n\t\t\t\t<\/div>\n\t\t\t\t<div class=\"elementor-element elementor-element-70e534a elementor-widget elementor-widget-heading\" data-id=\"70e534a\" data-element_type=\"widget\" data-widget_type=\"heading.default\">\n\t\t\t\t<div class=\"elementor-widget-container\">\n\t\t\t<h2 class=\"elementor-heading-title elementor-size-default\">Ready to go on an adventure?<\/h2>\t\t<\/div>\n\t\t\t\t<\/div>\n\t\t\t\t<div class=\"elementor-element elementor-element-e6dcbc6 elementor-widget elementor-widget-text-editor\" data-id=\"e6dcbc6\" data-element_type=\"widget\" data-widget_type=\"text-editor.default\">\n\t\t\t\t<div class=\"elementor-widget-container\">\n\t\t\t\t\t\t\t<p>Consulte os passeios que temos dispon\u00edveis para si.<\/p>\t\t\t\t\t\t<\/div>\n\t\t\t\t<\/div>\n\t\t\t\t\t<\/div>\n\t\t<\/div>\n\t\t\t\t\t\t\t<\/div>\n\t\t<\/section>\n\t\t\t\t<section class=\"elementor-section elementor-top-section elementor-element elementor-element-39d69eb elementor-section-full_width elementor-section-height-default elementor-section-height-default\" data-id=\"39d69eb\" data-element_type=\"section\">\n\t\t\t\t\t\t<div class=\"elementor-container elementor-column-gap-default\">\n\t\t\t\t\t<div class=\"elementor-column elementor-col-50 elementor-top-column elementor-element elementor-element-0cf8cb5\" data-id=\"0cf8cb5\" data-element_type=\"column\">\n\t\t\t<div class=\"elementor-widget-wrap elementor-element-populated\">\n\t\t\t\t\t\t\t\t<div class=\"elementor-element elementor-element-3b039a1 elementor-widget elementor-widget-heading\" data-id=\"3b039a1\" data-element_type=\"widget\" data-widget_type=\"heading.default\">\n\t\t\t\t<div class=\"elementor-widget-container\">\n\t\t\t<h2 class=\"elementor-heading-title elementor-size-default\">Ready to go on an adventure?<\/h2>\t\t<\/div>\n\t\t\t\t<\/div>\n\t\t\t\t<div class=\"elementor-element elementor-element-fc9db99 elementor-widget elementor-widget-heading\" data-id=\"fc9db99\" data-element_type=\"widget\" data-widget_type=\"heading.default\">\n\t\t\t\t<div class=\"elementor-widget-container\">\n\t\t\t<h2 class=\"elementor-heading-title elementor-size-default\">Our Cruise Tours<\/h2>\t\t<\/div>\n\t\t\t\t<\/div>\n\t\t\t\t<div class=\"elementor-element elementor-element-16ba4fa elementor-widget elementor-widget-text-editor\" data-id=\"16ba4fa\" data-element_type=\"widget\" data-widget_type=\"text-editor.default\">\n\t\t\t\t<div class=\"elementor-widget-container\">\n\t\t\t\t\t\t\t<p class=\" translation-block\">See the <strong>van tours<\/strong> that we have available for you \u2013 from <strong>Lagoa do Fogo<\/strong>, <strong>Furnas<\/strong>, <strong>Sete Cidades<\/strong> until <strong>Nordeste<\/strong>, there are several destinations ready to be discovered by you!<\/p>\t\t\t\t\t\t<\/div>\n\t\t\t\t<\/div>\n\t\t\t\t\t<\/div>\n\t\t<\/div>\n\t\t\t\t<div class=\"elementor-column elementor-col-50 elementor-top-column elementor-element elementor-element-a0937e9\" data-id=\"a0937e9\" data-element_type=\"column\">\n\t\t\t<div class=\"elementor-widget-wrap\">\n\t\t\t\t\t\t\t\t\t<\/div>\n\t\t<\/div>\n\t\t\t\t\t\t\t<\/div>\n\t\t<\/section>\n\t\t\t\t<section class=\"elementor-section elementor-top-section elementor-element elementor-element-627b51e elementor-section-boxed elementor-section-height-default elementor-section-height-default\" data-id=\"627b51e\" data-element_type=\"section\">\n\t\t\t\t\t\t<div class=\"elementor-container elementor-column-gap-no\">\n\t\t\t\t\t<div class=\"elementor-column elementor-col-100 elementor-top-column elementor-element elementor-element-8b21ad3\" data-id=\"8b21ad3\" data-element_type=\"column\">\n\t\t\t<div class=\"elementor-widget-wrap elementor-element-populated\">\n\t\t\t\t\t\t\t\t<section class=\"elementor-section elementor-inner-section elementor-element elementor-element-19a87be elementor-section-boxed elementor-section-height-default elementor-section-height-default\" data-id=\"19a87be\" data-element_type=\"section\">\n\t\t\t\t\t\t<div class=\"elementor-container elementor-column-gap-no\">\n\t\t\t\t\t<div class=\"elementor-column elementor-col-33 elementor-inner-column elementor-element elementor-element-1942191\" data-id=\"1942191\" data-element_type=\"column\" data-settings=\"{&quot;background_background&quot;:&quot;classic&quot;}\">\n\t\t\t<div class=\"elementor-widget-wrap elementor-element-populated\">\n\t\t\t\t\t\t\t\t<div class=\"elementor-element elementor-element-e80f35d jkit-equal-height-disable elementor-widget elementor-widget-jkit_icon_box\" data-id=\"e80f35d\" data-element_type=\"widget\" data-widget_type=\"jkit_icon_box.default\">\n\t\t\t\t<div class=\"elementor-widget-container\">\n\t\t\t<div  class=\"jeg-elementor-kit jkit-icon-box icon-position- elementor-animation- jeg_module___69f3ede8e624f\" ><div class=\"jkit-icon-box-wrapper hover-from-left\"><div class=\"icon-box icon-box-body\">\n                <h2 class=\"title\">Full Day Cruise Service<\/h2><p class=\"icon-box-description\">If you are interested in doing a full day you have the chance to choose the Sete Cidades \/ Lagoa do Fogo, Furnas or Nordeste tours.<\/p><div class=\"icon-box-button\">\n                <div class=\"btn-wrapper icon-position-after\">\n                    <a href=\"https:\/\/greenzoneazores.com\/en\/servico-para-cruzeiros-dia-inteiro\/\"  class=\"icon-box-link\"  >VIEW TOUR<i aria-hidden=\"true\" class=\"jki jki-right-arrow-12\"><\/i><\/a>\n                <\/div>\n            <\/div>\n            <\/div>\n            \n            <\/div><\/div>\t\t<\/div>\n\t\t\t\t<\/div>\n\t\t\t\t\t<\/div>\n\t\t<\/div>\n\t\t\t\t<div class=\"elementor-column elementor-col-33 elementor-inner-column elementor-element elementor-element-3676b58\" data-id=\"3676b58\" data-element_type=\"column\" data-settings=\"{&quot;background_background&quot;:&quot;classic&quot;}\">\n\t\t\t<div class=\"elementor-widget-wrap elementor-element-populated\">\n\t\t\t\t\t\t\t\t<div class=\"elementor-element elementor-element-ab36d4e jkit-equal-height-disable elementor-widget elementor-widget-jkit_icon_box\" data-id=\"ab36d4e\" data-element_type=\"widget\" data-widget_type=\"jkit_icon_box.default\">\n\t\t\t\t<div class=\"elementor-widget-container\">\n\t\t\t<div  class=\"jeg-elementor-kit jkit-icon-box icon-position- elementor-animation- jeg_module__1_69f3ede8e6a1f\" ><div class=\"jkit-icon-box-wrapper hover-from-left\"><div class=\"icon-box icon-box-body\">\n                <h2 class=\"title\">Cruises Service - Half Day<\/h2><p class=\"icon-box-description\">If you prefer to take a half-day cruise, you can choose between two destinations: a trip to the Sete Cidades or to the Lagoa do Fogo. <\/p><div class=\"icon-box-button\">\n                <div class=\"btn-wrapper icon-position-after\">\n                    <a href=\"https:\/\/greenzoneazores.com\/en\/servico-para-cruzeiros-meio-dia\/\"  class=\"icon-box-link\"  >VIEW TOUR<i aria-hidden=\"true\" class=\"jki jki-right-arrow-12\"><\/i><\/a>\n                <\/div>\n            <\/div>\n            <\/div>\n            \n            <\/div><\/div>\t\t<\/div>\n\t\t\t\t<\/div>\n\t\t\t\t\t<\/div>\n\t\t<\/div>\n\t\t\t\t<div class=\"elementor-column elementor-col-33 elementor-inner-column elementor-element elementor-element-caeb94a elementor-hidden-desktop elementor-hidden-tablet elementor-hidden-mobile\" data-id=\"caeb94a\" data-element_type=\"column\" data-settings=\"{&quot;background_background&quot;:&quot;classic&quot;}\">\n\t\t\t<div class=\"elementor-widget-wrap elementor-element-populated\">\n\t\t\t\t\t\t\t\t<div class=\"elementor-element elementor-element-3c2e24b jkit-equal-height-disable elementor-widget elementor-widget-jkit_icon_box\" data-id=\"3c2e24b\" data-element_type=\"widget\" data-widget_type=\"jkit_icon_box.default\">\n\t\t\t\t<div class=\"elementor-widget-container\">\n\t\t\t<div  class=\"jeg-elementor-kit jkit-icon-box icon-position- elementor-animation- jeg_module__2_69f3ede8e7141\" ><div class=\"jkit-icon-box-wrapper hover-from-left\"><div class=\"icon-box icon-box-body\">\n                <h2 class=\"title\">Half Day Sete Cidades<\/h2><p class=\"icon-box-description\">Do you want adventure? Then this is the tour for you! On it you will see unique panoramic views from the top of the mountain.<\/p><div class=\"icon-box-button\">\n                <div class=\"btn-wrapper icon-position-after\">\n                    <a href=\"https:\/\/greenzoneazores.com\/en\/passeios-interna\/\"  class=\"icon-box-link\"  >VIEW TOUR<i aria-hidden=\"true\" class=\"jki jki-right-arrow-12\"><\/i><\/a>\n                <\/div>\n            <\/div>\n            <\/div>\n            \n            <\/div><\/div>\t\t<\/div>\n\t\t\t\t<\/div>\n\t\t\t\t\t<\/div>\n\t\t<\/div>\n\t\t\t\t\t\t\t<\/div>\n\t\t<\/section>\n\t\t\t\t\t<\/div>\n\t\t<\/div>\n\t\t\t\t\t\t\t<\/div>\n\t\t<\/section>\n\t\t\t\t\t\t<\/div>\n\t\t\t\t\t<\/div>","protected":false},"excerpt":{"rendered":"","protected":false},"author":1,"featured_media":0,"parent":0,"menu_order":0,"comment_status":"closed","ping_status":"closed","template":"elementor_header_footer","meta":{"footnotes":""},"yoast_head":"<!-- This site is optimized with the Yoast SEO plugin v21.4 - https:\/\/yoast.com\/wordpress\/plugins\/seo\/ -->\n<title>Cruzeiro nos A\u00e7ores - Greenzone Azores<\/title>\n<meta name=\"description\" content=\"Interessado em passear pelas costa do Atl\u00e2ntico? A Greenzone Azores teem a sugest\u00e3o ideal para si: um cruzeiro nos A\u00e7ores!\" \/>\n<meta name=\"robots\" content=\"index, follow, max-snippet:-1, max-image-preview:large, max-video-preview:-1\" \/>\n<link rel=\"canonical\" href=\"https:\/\/greenzoneazores.com\/en\/cruzeiro-nos-acores\/\" \/>\n<meta property=\"og:locale\" content=\"en_US\" \/>\n<meta property=\"og:type\" content=\"article\" \/>\n<meta property=\"og:title\" content=\"Cruzeiro nos A\u00e7ores - Greenzone Azores\" \/>\n<meta property=\"og:description\" content=\"Interessado em passear pelas costa do Atl\u00e2ntico? A Greenzone Azores teem a sugest\u00e3o ideal para si: um cruzeiro nos A\u00e7ores!\" \/>\n<meta property=\"og:url\" content=\"https:\/\/greenzoneazores.com\/en\/cruzeiro-nos-acores\/\" \/>\n<meta property=\"og:site_name\" content=\"Greenzone Azores\" \/>\n<meta property=\"article:publisher\" content=\"https:\/\/www.facebook.com\/GreenZoneAzoresTours\/?ref=page_internal\" \/>\n<meta property=\"article:modified_time\" content=\"2022-09-29T16:59:42+00:00\" \/>\n<meta name=\"twitter:card\" content=\"summary_large_image\" \/>\n<meta name=\"twitter:label1\" content=\"Est. reading time\" \/>\n\t<meta name=\"twitter:data1\" content=\"1 minute\" \/>\n<script type=\"application\/ld+json\" class=\"yoast-schema-graph\">{\"@context\":\"https:\/\/schema.org\",\"@graph\":[{\"@type\":\"WebPage\",\"@id\":\"https:\/\/greenzoneazores.com\/cruzeiro-nos-acores\/\",\"url\":\"https:\/\/greenzoneazores.com\/cruzeiro-nos-acores\/\",\"name\":\"Cruzeiro nos A\u00e7ores - Greenzone Azores\",\"isPartOf\":{\"@id\":\"https:\/\/greenzoneazores.com\/#website\"},\"datePublished\":\"2021-09-24T12:14:53+00:00\",\"dateModified\":\"2022-09-29T16:59:42+00:00\",\"description\":\"Interessado em passear pelas costa do Atl\u00e2ntico? A Greenzone Azores teem a sugest\u00e3o ideal para si: um cruzeiro nos A\u00e7ores!\",\"breadcrumb\":{\"@id\":\"https:\/\/greenzoneazores.com\/cruzeiro-nos-acores\/#breadcrumb\"},\"inLanguage\":\"en-US\",\"potentialAction\":[{\"@type\":\"ReadAction\",\"target\":[\"https:\/\/greenzoneazores.com\/cruzeiro-nos-acores\/\"]}]},{\"@type\":\"BreadcrumbList\",\"@id\":\"https:\/\/greenzoneazores.com\/cruzeiro-nos-acores\/#breadcrumb\",\"itemListElement\":[{\"@type\":\"ListItem\",\"position\":1,\"name\":\"In\u00edcio\",\"item\":\"https:\/\/greenzoneazores.com\/\"},{\"@type\":\"ListItem\",\"position\":2,\"name\":\"Cruzeiros\"}]},{\"@type\":\"WebSite\",\"@id\":\"https:\/\/greenzoneazores.com\/#website\",\"url\":\"https:\/\/greenzoneazores.com\/\",\"name\":\"Greenzone Azores\",\"description\":\"Greenzone Azores\",\"publisher\":{\"@id\":\"https:\/\/greenzoneazores.com\/#organization\"},\"potentialAction\":[{\"@type\":\"SearchAction\",\"target\":{\"@type\":\"EntryPoint\",\"urlTemplate\":\"https:\/\/greenzoneazores.com\/?s={search_term_string}\"},\"query-input\":\"required name=search_term_string\"}],\"inLanguage\":\"en-US\"},{\"@type\":\"Organization\",\"@id\":\"https:\/\/greenzoneazores.com\/#organization\",\"name\":\"Greenzone Azores\",\"url\":\"https:\/\/greenzoneazores.com\/\",\"logo\":{\"@type\":\"ImageObject\",\"inLanguage\":\"en-US\",\"@id\":\"https:\/\/greenzoneazores.com\/#\/schema\/logo\/image\/\",\"url\":\"https:\/\/greenzoneazores.com\/wp-content\/uploads\/2021\/08\/thumbnail_logo-sem-fundo.png\",\"contentUrl\":\"https:\/\/greenzoneazores.com\/wp-content\/uploads\/2021\/08\/thumbnail_logo-sem-fundo.png\",\"width\":264,\"height\":264,\"caption\":\"Greenzone Azores\"},\"image\":{\"@id\":\"https:\/\/greenzoneazores.com\/#\/schema\/logo\/image\/\"},\"sameAs\":[\"https:\/\/www.facebook.com\/GreenZoneAzoresTours\/?ref=page_internal\",\"https:\/\/www.instagram.com\/greenzoneazores\/\",\"https:\/\/www.tripadvisor.com.br\/Attraction_Review-g189135-d1449376-Reviews-Greenzone_Azores_Tours-Ponta_Delgada_Sao_Miguel_Azores.html\"]}]}<\/script>\n<!-- \/ Yoast SEO plugin. -->","yoast_head_json":{"title":"Cruzeiro nos A\u00e7ores - Greenzone Azores","description":"Interessado em passear pelas costa do Atl\u00e2ntico? A Greenzone Azores teem a sugest\u00e3o ideal para si: um cruzeiro nos A\u00e7ores!","robots":{"index":"index","follow":"follow","max-snippet":"max-snippet:-1","max-image-preview":"max-image-preview:large","max-video-preview":"max-video-preview:-1"},"canonical":"https:\/\/greenzoneazores.com\/en\/cruzeiro-nos-acores\/","og_locale":"en_US","og_type":"article","og_title":"Cruzeiro nos A\u00e7ores - Greenzone Azores","og_description":"Interessado em passear pelas costa do Atl\u00e2ntico? A Greenzone Azores teem a sugest\u00e3o ideal para si: um cruzeiro nos A\u00e7ores!","og_url":"https:\/\/greenzoneazores.com\/en\/cruzeiro-nos-acores\/","og_site_name":"Greenzone Azores","article_publisher":"https:\/\/www.facebook.com\/GreenZoneAzoresTours\/?ref=page_internal","article_modified_time":"2022-09-29T16:59:42+00:00","twitter_card":"summary_large_image","twitter_misc":{"Est. reading time":"1 minute"},"schema":{"@context":"https:\/\/schema.org","@graph":[{"@type":"WebPage","@id":"https:\/\/greenzoneazores.com\/cruzeiro-nos-acores\/","url":"https:\/\/greenzoneazores.com\/cruzeiro-nos-acores\/","name":"Cruzeiro nos A\u00e7ores - Greenzone Azores","isPartOf":{"@id":"https:\/\/greenzoneazores.com\/#website"},"datePublished":"2021-09-24T12:14:53+00:00","dateModified":"2022-09-29T16:59:42+00:00","description":"Interessado em passear pelas costa do Atl\u00e2ntico? A Greenzone Azores teem a sugest\u00e3o ideal para si: um cruzeiro nos A\u00e7ores!","breadcrumb":{"@id":"https:\/\/greenzoneazores.com\/cruzeiro-nos-acores\/#breadcrumb"},"inLanguage":"en-US","potentialAction":[{"@type":"ReadAction","target":["https:\/\/greenzoneazores.com\/cruzeiro-nos-acores\/"]}]},{"@type":"BreadcrumbList","@id":"https:\/\/greenzoneazores.com\/cruzeiro-nos-acores\/#breadcrumb","itemListElement":[{"@type":"ListItem","position":1,"name":"In\u00edcio","item":"https:\/\/greenzoneazores.com\/"},{"@type":"ListItem","position":2,"name":"Cruzeiros"}]},{"@type":"WebSite","@id":"https:\/\/greenzoneazores.com\/#website","url":"https:\/\/greenzoneazores.com\/","name":"Greenzone Azores","description":"Greenzone Azores","publisher":{"@id":"https:\/\/greenzoneazores.com\/#organization"},"potentialAction":[{"@type":"SearchAction","target":{"@type":"EntryPoint","urlTemplate":"https:\/\/greenzoneazores.com\/?s={search_term_string}"},"query-input":"required name=search_term_string"}],"inLanguage":"en-US"},{"@type":"Organization","@id":"https:\/\/greenzoneazores.com\/#organization","name":"Greenzone Azores","url":"https:\/\/greenzoneazores.com\/","logo":{"@type":"ImageObject","inLanguage":"en-US","@id":"https:\/\/greenzoneazores.com\/#\/schema\/logo\/image\/","url":"https:\/\/greenzoneazores.com\/wp-content\/uploads\/2021\/08\/thumbnail_logo-sem-fundo.png","contentUrl":"https:\/\/greenzoneazores.com\/wp-content\/uploads\/2021\/08\/thumbnail_logo-sem-fundo.png","width":264,"height":264,"caption":"Greenzone Azores"},"image":{"@id":"https:\/\/greenzoneazores.com\/#\/schema\/logo\/image\/"},"sameAs":["https:\/\/www.facebook.com\/GreenZoneAzoresTours\/?ref=page_internal","https:\/\/www.instagram.com\/greenzoneazores\/","https:\/\/www.tripadvisor.com.br\/Attraction_Review-g189135-d1449376-Reviews-Greenzone_Azores_Tours-Ponta_Delgada_Sao_Miguel_Azores.html"]}]}},"_links":{"self":[{"href":"https:\/\/greenzoneazores.com\/en\/wp-json\/wp\/v2\/pages\/512"}],"collection":[{"href":"https:\/\/greenzoneazores.com\/en\/wp-json\/wp\/v2\/pages"}],"about":[{"href":"https:\/\/greenzoneazores.com\/en\/wp-json\/wp\/v2\/types\/page"}],"author":[{"embeddable":true,"href":"https:\/\/greenzoneazores.com\/en\/wp-json\/wp\/v2\/users\/1"}],"replies":[{"embeddable":true,"href":"https:\/\/greenzoneazores.com\/en\/wp-json\/wp\/v2\/comments?post=512"}],"version-history":[{"count":0,"href":"https:\/\/greenzoneazores.com\/en\/wp-json\/wp\/v2\/pages\/512\/revisions"}],"wp:attachment":[{"href":"https:\/\/greenzoneazores.com\/en\/wp-json\/wp\/v2\/media?parent=512"}],"curies":[{"name":"wp","href":"https:\/\/api.w.org\/{rel}","templated":true}]}}